{"id":61406,"date":"2021-02-12T07:39:29","date_gmt":"2021-02-12T13:39:29","guid":{"rendered":"https:\/\/brettyoung.ca\/product\/ezflo-blend-equipement-a-agitation-par-jet\/"},"modified":"2025-01-20T16:03:17","modified_gmt":"2025-01-20T22:03:17","slug":"ezflo-blend-equipement-a-agitation-par-jet","status":"publish","type":"product","link":"https:\/\/brettyoung.ca\/fr\/product\/ezflo-blend-equipement-a-agitation-par-jet\/","title":{"rendered":"EzFlo Blend (\u00e9quipement \u00e0 agitation par jet)"},"content":{"rendered":"","protected":false},"excerpt":{"rendered":"<ul>\n<li>100% sans danger pour l&rsquo;environnement<\/li>\n<li>Une application plus rapide et plus facile<\/li>\n<li>La meilleure option pour les \u00e9quipements \u00e0 agitation par jet et les petits r\u00e9servoirs \u00e0 agitation m\u00e9canique<\/li>\n<\/ul>\n","protected":false},"featured_media":54148,"template":"","meta":{"_themeisle_gutenberg_block_has_review":false},"product_brand":[],"product_cat":[2482,2216,2535],"product_tag":[],"class_list":{"0":"post-61406","1":"product","2":"type-product","3":"status-publish","4":"has-post-thumbnail","6":"product_cat-controle-de-lerosion-fr","7":"product_cat-gazon-professionnel-et-remise-en-etat-fr","8":"product_cat-mulch-hydraulique-fr","10":"first","11":"instock","12":"shipping-taxable","13":"product-type-simple","14":"customify-col"},"_links":{"self":[{"href":"https:\/\/brettyoung.ca\/fr\/wp-json\/wp\/v2\/product\/61406","targetHints":{"allow":["GET"]}}],"collection":[{"href":"https:\/\/brettyoung.ca\/fr\/wp-json\/wp\/v2\/product"}],"about":[{"href":"https:\/\/brettyoung.ca\/fr\/wp-json\/wp\/v2\/types\/product"}],"wp:featuredmedia":[{"embeddable":true,"href":"https:\/\/brettyoung.ca\/fr\/wp-json\/wp\/v2\/media\/54148"}],"wp:attachment":[{"href":"https:\/\/brettyoung.ca\/fr\/wp-json\/wp\/v2\/media?parent=61406"}],"wp:term":[{"taxonomy":"product_brand","embeddable":true,"href":"https:\/\/brettyoung.ca\/fr\/wp-json\/wp\/v2\/product_brand?post=61406"},{"taxonomy":"product_cat","embeddable":true,"href":"https:\/\/brettyoung.ca\/fr\/wp-json\/wp\/v2\/product_cat?post=61406"},{"taxonomy":"product_tag","embeddable":true,"href":"https:\/\/brettyoung.ca\/fr\/wp-json\/wp\/v2\/product_tag?post=61406"}],"curies":[{"name":"wp","href":"https:\/\/api.w.org\/{rel}","templated":true}]}}