{"id":61403,"date":"2021-11-13T07:31:28","date_gmt":"2021-11-13T13:31:28","guid":{"rendered":"https:\/\/brettyoung.ca\/product\/proganics-biotic-soil-media-2\/"},"modified":"2025-01-20T16:01:24","modified_gmt":"2025-01-20T22:01:24","slug":"proganics-biotic-soil-media-2","status":"publish","type":"product","link":"https:\/\/brettyoung.ca\/fr\/product\/proganics-biotic-soil-media-2\/","title":{"rendered":"ProGanics Biotic Soil Media"},"content":{"rendered":"","protected":false},"excerpt":{"rendered":"<ul>\n<li>Con\u00e7u avec des \u00e9l\u00e9ments biologiques cl\u00e9s et des fibres d&rsquo;\u00e9corce et de bois brevet\u00e9es.<\/li>\n<li>Utilis\u00e9 pour stimuler le d\u00e9veloppement de racines vigoureuses et l&rsquo;\u00e9tablissement de la v\u00e9g\u00e9tation.<\/li>\n<li>Initie le cycle des nutriments n\u00e9cessaire \u00e0 la r\u00e9g\u00e9n\u00e9ration des sols \u00e9puis\u00e9s.<\/li>\n<\/ul>\n","protected":false},"featured_media":54023,"template":"","meta":{"_themeisle_gutenberg_block_has_review":false},"product_brand":[],"product_cat":[2482,2216],"product_tag":[],"class_list":{"0":"post-61403","1":"product","2":"type-product","3":"status-publish","4":"has-post-thumbnail","6":"product_cat-controle-de-lerosion-fr","7":"product_cat-gazon-professionnel-et-remise-en-etat-fr","9":"first","10":"instock","11":"shipping-taxable","12":"product-type-simple","13":"customify-col"},"_links":{"self":[{"href":"https:\/\/brettyoung.ca\/fr\/wp-json\/wp\/v2\/product\/61403","targetHints":{"allow":["GET"]}}],"collection":[{"href":"https:\/\/brettyoung.ca\/fr\/wp-json\/wp\/v2\/product"}],"about":[{"href":"https:\/\/brettyoung.ca\/fr\/wp-json\/wp\/v2\/types\/product"}],"wp:featuredmedia":[{"embeddable":true,"href":"https:\/\/brettyoung.ca\/fr\/wp-json\/wp\/v2\/media\/54023"}],"wp:attachment":[{"href":"https:\/\/brettyoung.ca\/fr\/wp-json\/wp\/v2\/media?parent=61403"}],"wp:term":[{"taxonomy":"product_brand","embeddable":true,"href":"https:\/\/brettyoung.ca\/fr\/wp-json\/wp\/v2\/product_brand?post=61403"},{"taxonomy":"product_cat","embeddable":true,"href":"https:\/\/brettyoung.ca\/fr\/wp-json\/wp\/v2\/product_cat?post=61403"},{"taxonomy":"product_tag","embeddable":true,"href":"https:\/\/brettyoung.ca\/fr\/wp-json\/wp\/v2\/product_tag?post=61403"}],"curies":[{"name":"wp","href":"https:\/\/api.w.org\/{rel}","templated":true}]}}