{"id":61401,"date":"2021-02-12T07:33:04","date_gmt":"2021-02-12T13:33:04","guid":{"rendered":"https:\/\/brettyoung.ca\/product\/proganics-dual-2\/"},"modified":"2025-01-20T16:01:05","modified_gmt":"2025-01-20T22:01:05","slug":"proganics-dual-2","status":"publish","type":"product","link":"https:\/\/brettyoung.ca\/fr\/product\/proganics-dual-2\/","title":{"rendered":"ProGanics Dual"},"content":{"rendered":"","protected":false},"excerpt":{"rendered":"<ul>\n<li>Augmentation de la productivit\u00e9 en r\u00e9duisant le temps et le nombre de r\u00e9servoirs requis pour les projets<\/li>\n<li>Un composant renouvelable d&rsquo;origine naturelle pour une solution durable<\/li>\n<li>Source abondante de mati\u00e8re organique pour am\u00e9liorer les conditions de croissance<\/li>\n<\/ul>\n","protected":false},"featured_media":53548,"template":"","meta":{"_themeisle_gutenberg_block_has_review":false},"product_brand":[],"product_cat":[2482,2216,2524],"product_tag":[],"class_list":{"0":"post-61401","1":"product","2":"type-product","3":"status-publish","4":"has-post-thumbnail","6":"product_cat-controle-de-lerosion-fr","7":"product_cat-gazon-professionnel-et-remise-en-etat-fr","8":"product_cat-pulverisable-fr-2","10":"first","11":"instock","12":"shipping-taxable","13":"product-type-simple","14":"customify-col"},"_links":{"self":[{"href":"https:\/\/brettyoung.ca\/fr\/wp-json\/wp\/v2\/product\/61401","targetHints":{"allow":["GET"]}}],"collection":[{"href":"https:\/\/brettyoung.ca\/fr\/wp-json\/wp\/v2\/product"}],"about":[{"href":"https:\/\/brettyoung.ca\/fr\/wp-json\/wp\/v2\/types\/product"}],"wp:featuredmedia":[{"embeddable":true,"href":"https:\/\/brettyoung.ca\/fr\/wp-json\/wp\/v2\/media\/53548"}],"wp:attachment":[{"href":"https:\/\/brettyoung.ca\/fr\/wp-json\/wp\/v2\/media?parent=61401"}],"wp:term":[{"taxonomy":"product_brand","embeddable":true,"href":"https:\/\/brettyoung.ca\/fr\/wp-json\/wp\/v2\/product_brand?post=61401"},{"taxonomy":"product_cat","embeddable":true,"href":"https:\/\/brettyoung.ca\/fr\/wp-json\/wp\/v2\/product_cat?post=61401"},{"taxonomy":"product_tag","embeddable":true,"href":"https:\/\/brettyoung.ca\/fr\/wp-json\/wp\/v2\/product_tag?post=61401"}],"curies":[{"name":"wp","href":"https:\/\/api.w.org\/{rel}","templated":true}]}}