{"id":61398,"date":"2021-02-12T07:29:33","date_gmt":"2021-02-12T13:29:33","guid":{"rendered":"https:\/\/brettyoung.ca\/product\/contack-adhesif-organique\/"},"modified":"2025-01-20T15:54:22","modified_gmt":"2025-01-20T21:54:22","slug":"contack-adhesif-organique","status":"publish","type":"product","link":"https:\/\/brettyoung.ca\/fr\/product\/contack-adhesif-organique\/","title":{"rendered":"ConTack\u00ae Adh\u00e9sif organique"},"content":{"rendered":"<h2>Adh\u00e9sif \u00e0 base de guar<\/h2>\n<div class=\"content\">\n<div class=\"field field-name-field-text field-type-text-long field-label-hidden\">\n<div class=\"field-item field-item-0\">\n<div class=\"content\">\n<div class=\"field field-name-field-text field-type-text-long field-label-hidden\">\n<div class=\"field-item field-item-0\">\n<div class=\"content\">\n<div class=\"field field-name-field-text field-type-text-long field-label-hidden\">\n<div class=\"field-item field-item-0\">\n<p>ConTack\u00ae Organic Tackifier est 100% \u00e0 base de guar-gum pour une m\u00e9thode efficace de contr\u00f4le de la poussi\u00e8re et de l&rsquo;\u00e9rosion, et de fixation du paillis\/de la paille.<\/p>\n<ul>\n<li>Une alternative lorsque des tackifiants \u00e0 base organique sont n\u00e9cessaires<\/li>\n<li>Cr\u00e9e une liaison fibre-graine-sol (sans durcissement) qui r\u00e9duit le besoin de r\u00e9ensemencement tout en minimisant l&rsquo;\u00e9rosion du sol.<\/li>\n<li>Aide \u00e0 augmenter le d\u00e9bit et les propri\u00e9t\u00e9s de pompage du paillis, ce qui permet aux machines de fonctionner plus efficacement.<\/li>\n<\/ul>\n<\/div><\/div>\n<\/p><\/div>\n<\/p><\/div>\n<\/p><\/div>\n<\/p><\/div>\n<\/p><\/div>\n<\/p><\/div>\n<\/p><\/div>\n","protected":false},"excerpt":{"rendered":"<p>Adh\u00e9sif \u00e0 base de guar ConTack\u00ae Organic Tackifier est 100% \u00e0 base de guar-gum pour une m\u00e9thode efficace de contr\u00f4le de la poussi\u00e8re et de&hellip;<\/p>\n","protected":false},"featured_media":52842,"template":"","meta":{"_themeisle_gutenberg_block_has_review":false},"product_brand":[],"product_cat":[2483,2482,2216],"product_tag":[],"class_list":{"0":"post-61398","1":"product","2":"type-product","3":"status-publish","4":"has-post-thumbnail","6":"product_cat-additifs-pour-paillage-hydraulique-fr","7":"product_cat-controle-de-lerosion-fr","8":"product_cat-gazon-professionnel-et-remise-en-etat-fr","10":"first","11":"instock","12":"shipping-taxable","13":"product-type-simple","14":"customify-col"},"_links":{"self":[{"href":"https:\/\/brettyoung.ca\/fr\/wp-json\/wp\/v2\/product\/61398","targetHints":{"allow":["GET"]}}],"collection":[{"href":"https:\/\/brettyoung.ca\/fr\/wp-json\/wp\/v2\/product"}],"about":[{"href":"https:\/\/brettyoung.ca\/fr\/wp-json\/wp\/v2\/types\/product"}],"wp:featuredmedia":[{"embeddable":true,"href":"https:\/\/brettyoung.ca\/fr\/wp-json\/wp\/v2\/media\/52842"}],"wp:attachment":[{"href":"https:\/\/brettyoung.ca\/fr\/wp-json\/wp\/v2\/media?parent=61398"}],"wp:term":[{"taxonomy":"product_brand","embeddable":true,"href":"https:\/\/brettyoung.ca\/fr\/wp-json\/wp\/v2\/product_brand?post=61398"},{"taxonomy":"product_cat","embeddable":true,"href":"https:\/\/brettyoung.ca\/fr\/wp-json\/wp\/v2\/product_cat?post=61398"},{"taxonomy":"product_tag","embeddable":true,"href":"https:\/\/brettyoung.ca\/fr\/wp-json\/wp\/v2\/product_tag?post=61398"}],"curies":[{"name":"wp","href":"https:\/\/api.w.org\/{rel}","templated":true}]}}