{"id":61393,"date":"2021-02-12T07:26:53","date_gmt":"2021-02-12T13:26:53","guid":{"rendered":"https:\/\/brettyoung.ca\/product\/aquagel\/"},"modified":"2025-01-20T15:53:00","modified_gmt":"2025-01-20T21:53:00","slug":"aquagel","status":"publish","type":"product","link":"https:\/\/brettyoung.ca\/fr\/product\/aquagel\/","title":{"rendered":"AquaGel\u2122"},"content":{"rendered":"<h2>Gel co-polym\u00e8re super-absorbant<\/h2>\n<div class=\"content\">\n<div class=\"field field-name-field-text field-type-text-long field-label-hidden\">\n<div class=\"field-item field-item-0\">\n<div class=\"content\">\n<div class=\"field field-name-field-text field-type-text-long field-label-hidden\">\n<div class=\"field-item field-item-0\">\n<div class=\"content\">\n<div class=\"field field-name-field-text field-type-text-long field-label-hidden\">\n<div class=\"field-item field-item-0\">\n<p>AquaGel\u2122 est un excellent outil de gestion de l&rsquo;eau pour une vari\u00e9t\u00e9 d&rsquo;applications.<\/p>\n<ul>\n<li>Peut contenir jusqu&rsquo;\u00e0 400 fois son poids en eau<\/li>\n<li>Veillez \u00e0 ce que les plantes et les racines re\u00e7oivent l&rsquo;eau l\u00e0 o\u00f9 elle est n\u00e9cessaire<\/li>\n<li>Disponible en 2 tailles de particules (B-grosses particules et D-fines particules)<\/li>\n<li>AquaGel B &#8211; id\u00e9al pour la pose de gazon et le trempage des racines<\/li>\n<li>AquaGel D &#8211; id\u00e9al pour l&rsquo;ensemencement hydraulique et les transplantations<\/li>\n<\/ul>\n<\/div>\n<\/div>\n<\/div>\n<\/div>\n<\/div>\n<\/div>\n<\/div>\n<\/div>\n<\/div>\n","protected":false},"excerpt":{"rendered":"<p>Gel co-polym\u00e8re super-absorbant AquaGel\u2122 est un excellent outil de gestion de l&rsquo;eau pour une vari\u00e9t\u00e9 d&rsquo;applications. Peut contenir jusqu&rsquo;\u00e0 400 fois son poids en eau&hellip;<\/p>\n","protected":false},"featured_media":56731,"template":"","meta":{"_themeisle_gutenberg_block_has_review":false},"product_brand":[],"product_cat":[2512,2495,2417],"product_tag":[],"class_list":{"0":"post-61393","1":"product","2":"type-product","3":"status-publish","4":"has-post-thumbnail","6":"product_cat-additifs-pour-paillage-hydraulique-fr-2","7":"product_cat-controle-de-lerosion-fr-2","8":"product_cat-gazon-professionnel-et-remise-en-etat-fr-2","10":"first","11":"instock","12":"shipping-taxable","13":"product-type-simple","14":"customify-col"},"_links":{"self":[{"href":"https:\/\/brettyoung.ca\/fr\/wp-json\/wp\/v2\/product\/61393","targetHints":{"allow":["GET"]}}],"collection":[{"href":"https:\/\/brettyoung.ca\/fr\/wp-json\/wp\/v2\/product"}],"about":[{"href":"https:\/\/brettyoung.ca\/fr\/wp-json\/wp\/v2\/types\/product"}],"wp:featuredmedia":[{"embeddable":true,"href":"https:\/\/brettyoung.ca\/fr\/wp-json\/wp\/v2\/media\/56731"}],"wp:attachment":[{"href":"https:\/\/brettyoung.ca\/fr\/wp-json\/wp\/v2\/media?parent=61393"}],"wp:term":[{"taxonomy":"product_brand","embeddable":true,"href":"https:\/\/brettyoung.ca\/fr\/wp-json\/wp\/v2\/product_brand?post=61393"},{"taxonomy":"product_cat","embeddable":true,"href":"https:\/\/brettyoung.ca\/fr\/wp-json\/wp\/v2\/product_cat?post=61393"},{"taxonomy":"product_tag","embeddable":true,"href":"https:\/\/brettyoung.ca\/fr\/wp-json\/wp\/v2\/product_tag?post=61393"}],"curies":[{"name":"wp","href":"https:\/\/api.w.org\/{rel}","templated":true}]}}