{"id":61391,"date":"2021-02-12T08:15:33","date_gmt":"2021-02-12T14:15:33","guid":{"rendered":"https:\/\/brettyoung.ca\/product\/futerra-trm-7020-2\/"},"modified":"2025-06-25T13:36:21","modified_gmt":"2025-06-25T18:36:21","slug":"futerra-trm-7020-2","status":"publish","type":"product","link":"https:\/\/brettyoung.ca\/fr\/product\/futerra-trm-7020-2\/","title":{"rendered":"Futerra\u00ae TRM 7020"},"content":{"rendered":"","protected":false},"excerpt":{"rendered":"<ul>\n<li>Matrice tridimensionnelle permanente et r\u00e9siliente de monofilaments de nylon thermofusionn\u00e9s<\/li>\n<li>  Con\u00e7u pour la stabilisation des sites difficiles<\/li>\n<li>  Pentes tr\u00e8s raides et conditions d&rsquo;\u00e9coulement plus \u00e9lev\u00e9es<\/li>\n<\/ul>\n","protected":false},"featured_media":53535,"template":"","meta":{"_themeisle_gutenberg_block_has_review":false},"product_brand":[],"product_cat":[2482,2216,2506],"product_tag":[],"class_list":{"0":"post-61391","1":"product","2":"type-product","3":"status-publish","4":"has-post-thumbnail","6":"product_cat-controle-de-lerosion-fr","7":"product_cat-gazon-professionnel-et-remise-en-etat-fr","8":"product_cat-produits-lamines-fr-2","10":"first","11":"instock","12":"shipping-taxable","13":"product-type-simple","14":"customify-col"},"_links":{"self":[{"href":"https:\/\/brettyoung.ca\/fr\/wp-json\/wp\/v2\/product\/61391","targetHints":{"allow":["GET"]}}],"collection":[{"href":"https:\/\/brettyoung.ca\/fr\/wp-json\/wp\/v2\/product"}],"about":[{"href":"https:\/\/brettyoung.ca\/fr\/wp-json\/wp\/v2\/types\/product"}],"wp:featuredmedia":[{"embeddable":true,"href":"https:\/\/brettyoung.ca\/fr\/wp-json\/wp\/v2\/media\/53535"}],"wp:attachment":[{"href":"https:\/\/brettyoung.ca\/fr\/wp-json\/wp\/v2\/media?parent=61391"}],"wp:term":[{"taxonomy":"product_brand","embeddable":true,"href":"https:\/\/brettyoung.ca\/fr\/wp-json\/wp\/v2\/product_brand?post=61391"},{"taxonomy":"product_cat","embeddable":true,"href":"https:\/\/brettyoung.ca\/fr\/wp-json\/wp\/v2\/product_cat?post=61391"},{"taxonomy":"product_tag","embeddable":true,"href":"https:\/\/brettyoung.ca\/fr\/wp-json\/wp\/v2\/product_tag?post=61391"}],"curies":[{"name":"wp","href":"https:\/\/api.w.org\/{rel}","templated":true}]}}