{"id":61390,"date":"2021-02-12T08:15:33","date_gmt":"2021-02-12T14:15:33","guid":{"rendered":"https:\/\/brettyoung.ca\/product\/futerra-trm-7020\/"},"modified":"2025-06-25T13:35:54","modified_gmt":"2025-06-25T18:35:54","slug":"futerra-trm-7020","status":"publish","type":"product","link":"https:\/\/brettyoung.ca\/fr\/product\/futerra-trm-7020\/","title":{"rendered":"ReCover Base\u2122"},"content":{"rendered":"","protected":false},"excerpt":{"rendered":"<ul>\n<li>Paillis m\u00e9lang\u00e9 facile \u00e0 installer<\/li>\n<li>Capacit\u00e9 de chargement \u00e9lev\u00e9e \/ moins d&rsquo;eau<\/li>\n<li>100% naturel &#8211; sans colorant<\/li>\n<\/ul>\n","protected":false},"featured_media":63597,"template":"","meta":{"_themeisle_gutenberg_block_has_review":false},"product_brand":[],"product_cat":[2482,2495,2417,2216],"product_tag":[],"class_list":{"0":"post-61390","1":"product","2":"type-product","3":"status-publish","4":"has-post-thumbnail","6":"product_cat-controle-de-lerosion-fr","7":"product_cat-controle-de-lerosion-fr-2","8":"product_cat-gazon-professionnel-et-remise-en-etat-fr-2","9":"product_cat-gazon-professionnel-et-remise-en-etat-fr","11":"first","12":"instock","13":"shipping-taxable","14":"product-type-simple","15":"customify-col"},"_links":{"self":[{"href":"https:\/\/brettyoung.ca\/fr\/wp-json\/wp\/v2\/product\/61390","targetHints":{"allow":["GET"]}}],"collection":[{"href":"https:\/\/brettyoung.ca\/fr\/wp-json\/wp\/v2\/product"}],"about":[{"href":"https:\/\/brettyoung.ca\/fr\/wp-json\/wp\/v2\/types\/product"}],"wp:featuredmedia":[{"embeddable":true,"href":"https:\/\/brettyoung.ca\/fr\/wp-json\/wp\/v2\/media\/63597"}],"wp:attachment":[{"href":"https:\/\/brettyoung.ca\/fr\/wp-json\/wp\/v2\/media?parent=61390"}],"wp:term":[{"taxonomy":"product_brand","embeddable":true,"href":"https:\/\/brettyoung.ca\/fr\/wp-json\/wp\/v2\/product_brand?post=61390"},{"taxonomy":"product_cat","embeddable":true,"href":"https:\/\/brettyoung.ca\/fr\/wp-json\/wp\/v2\/product_cat?post=61390"},{"taxonomy":"product_tag","embeddable":true,"href":"https:\/\/brettyoung.ca\/fr\/wp-json\/wp\/v2\/product_tag?post=61390"}],"curies":[{"name":"wp","href":"https:\/\/api.w.org\/{rel}","templated":true}]}}