{"id":61300,"date":"2021-02-11T12:42:41","date_gmt":"2021-02-11T18:42:41","guid":{"rendered":"https:\/\/brettyoung.ca\/product\/bentgrass-pure-select-2\/"},"modified":"2025-01-19T20:28:26","modified_gmt":"2025-01-20T02:28:26","slug":"bentgrass-pure-select-2","status":"publish","type":"product","link":"https:\/\/brettyoung.ca\/fr\/product\/bentgrass-pure-select-2\/","title":{"rendered":"Bentgrass Pure Select"},"content":{"rendered":"","protected":false},"excerpt":{"rendered":"<ul>\n<li>L&rsquo;agrostide la plus vendue de BrettYoung<\/li>\n<li>R\u00e9sistance exceptionnelle aux maladies<\/li>\n<li>Forte tol\u00e9rance \u00e0 la chaleur, au froid et \u00e0 l&rsquo;usure<\/li>\n<\/ul>\n","protected":false},"featured_media":57461,"template":"","meta":{"_themeisle_gutenberg_block_has_review":false},"product_brand":[],"product_cat":[2454,2417,2453],"product_tag":[],"class_list":{"0":"post-61300","1":"product","2":"type-product","3":"status-publish","4":"has-post-thumbnail","6":"product_cat-agrostide-fr-2","7":"product_cat-gazon-professionnel-et-remise-en-etat-fr-2","8":"product_cat-semences-de-gazon-fr-2","10":"first","11":"instock","12":"shipping-taxable","13":"product-type-simple","14":"customify-col"},"_links":{"self":[{"href":"https:\/\/brettyoung.ca\/fr\/wp-json\/wp\/v2\/product\/61300","targetHints":{"allow":["GET"]}}],"collection":[{"href":"https:\/\/brettyoung.ca\/fr\/wp-json\/wp\/v2\/product"}],"about":[{"href":"https:\/\/brettyoung.ca\/fr\/wp-json\/wp\/v2\/types\/product"}],"wp:featuredmedia":[{"embeddable":true,"href":"https:\/\/brettyoung.ca\/fr\/wp-json\/wp\/v2\/media\/57461"}],"wp:attachment":[{"href":"https:\/\/brettyoung.ca\/fr\/wp-json\/wp\/v2\/media?parent=61300"}],"wp:term":[{"taxonomy":"product_brand","embeddable":true,"href":"https:\/\/brettyoung.ca\/fr\/wp-json\/wp\/v2\/product_brand?post=61300"},{"taxonomy":"product_cat","embeddable":true,"href":"https:\/\/brettyoung.ca\/fr\/wp-json\/wp\/v2\/product_cat?post=61300"},{"taxonomy":"product_tag","embeddable":true,"href":"https:\/\/brettyoung.ca\/fr\/wp-json\/wp\/v2\/product_tag?post=61300"}],"curies":[{"name":"wp","href":"https:\/\/api.w.org\/{rel}","templated":true}]}}