{"id":61299,"date":"2022-07-26T12:32:09","date_gmt":"2022-07-26T17:32:09","guid":{"rendered":"https:\/\/brettyoung.ca\/product\/pureformance-bentgrass-2\/"},"modified":"2025-01-19T20:28:20","modified_gmt":"2025-01-20T02:28:20","slug":"pureformance-bentgrass-2","status":"publish","type":"product","link":"https:\/\/brettyoung.ca\/fr\/product\/pureformance-bentgrass-2\/","title":{"rendered":"Pureformance Bentgrass"},"content":{"rendered":"","protected":false},"excerpt":{"rendered":"<ul>\n<li>M\u00e9lange \u00e0 trois voies de premier choix pour les all\u00e9es<\/li>\n<li>Meilleure qualit\u00e9 de gazon pour les essais sur le fairway<\/li>\n<li>Grande r\u00e9sistance \u00e0 la tache de dollar<\/li>\n<\/ul>\n","protected":false},"featured_media":57461,"template":"","meta":{"_themeisle_gutenberg_block_has_review":false},"product_brand":[],"product_cat":[2454,2417,2453],"product_tag":[],"class_list":{"0":"post-61299","1":"product","2":"type-product","3":"status-publish","4":"has-post-thumbnail","6":"product_cat-agrostide-fr-2","7":"product_cat-gazon-professionnel-et-remise-en-etat-fr-2","8":"product_cat-semences-de-gazon-fr-2","10":"first","11":"instock","12":"shipping-taxable","13":"product-type-simple","14":"customify-col"},"_links":{"self":[{"href":"https:\/\/brettyoung.ca\/fr\/wp-json\/wp\/v2\/product\/61299","targetHints":{"allow":["GET"]}}],"collection":[{"href":"https:\/\/brettyoung.ca\/fr\/wp-json\/wp\/v2\/product"}],"about":[{"href":"https:\/\/brettyoung.ca\/fr\/wp-json\/wp\/v2\/types\/product"}],"wp:featuredmedia":[{"embeddable":true,"href":"https:\/\/brettyoung.ca\/fr\/wp-json\/wp\/v2\/media\/57461"}],"wp:attachment":[{"href":"https:\/\/brettyoung.ca\/fr\/wp-json\/wp\/v2\/media?parent=61299"}],"wp:term":[{"taxonomy":"product_brand","embeddable":true,"href":"https:\/\/brettyoung.ca\/fr\/wp-json\/wp\/v2\/product_brand?post=61299"},{"taxonomy":"product_cat","embeddable":true,"href":"https:\/\/brettyoung.ca\/fr\/wp-json\/wp\/v2\/product_cat?post=61299"},{"taxonomy":"product_tag","embeddable":true,"href":"https:\/\/brettyoung.ca\/fr\/wp-json\/wp\/v2\/product_tag?post=61299"}],"curies":[{"name":"wp","href":"https:\/\/api.w.org\/{rel}","templated":true}]}}