{"id":61298,"date":"2021-11-13T09:00:58","date_gmt":"2021-11-13T15:00:58","guid":{"rendered":"https:\/\/brettyoung.ca\/product\/alpine-bluegrass\/"},"modified":"2025-01-19T20:28:19","modified_gmt":"2025-01-20T02:28:19","slug":"alpine-bluegrass","status":"publish","type":"product","link":"https:\/\/brettyoung.ca\/fr\/product\/alpine-bluegrass\/","title":{"rendered":"Alpine Bluegrass"},"content":{"rendered":"<table class=\"tableizer-table aligncenter\" style=\"height: 185px; width: 1339px;\" width=\"1339\">\n<thead>\n<tr class=\"tableizer-firstrow\" style=\"height: 23px;\">\n<th style=\"width: 159.969px; height: 23px;\">Tableau des caract\u00e9ristiques<\/th>\n<td style=\"height: 23px; width: 101.016px;\"><\/td>\n<\/tr>\n<\/thead>\n<tbody>\n<tr>\n<td style=\"width: 159.969px;\">Mode de croissance<\/td>\n<td style=\"width: 101.016px;\">Herbe en grappe<\/td>\n<\/tr>\n<tr>\n<td style=\"width: 159.969px;\">Tol\u00e9rance aux inondations<\/td>\n<td style=\"width: 101.016px;\">Bonne<\/td>\n<\/tr>\n<tr>\n<td style=\"width: 159.969px;\">Tol\u00e9rance \u00e0 la s\u00e9cheresse<\/td>\n<td style=\"width: 101.016px;\">Bonne<\/td>\n<\/tr>\n<tr>\n<td style=\"width: 159.969px;\">Tol\u00e9rance au sel<\/td>\n<td style=\"width: 101.016px;\">Juste<\/td>\n<\/tr>\n<tr>\n<td style=\"width: 159.969px;\">PH du sol<\/td>\n<td style=\"width: 101.016px;\">Neutre \u00e0 acide<\/td>\n<\/tr>\n<tr>\n<td style=\"width: 159.969px;\">Type de sol<\/td>\n<td style=\"width: 101.016px;\">Mod\u00e9r\u00e9ment plat \u00e0 mod\u00e9r\u00e9ment fin<\/td>\n<\/tr>\n<tr>\n<td style=\"width: 159.969px;\">Environ graines\/lb <\/td>\n<td style=\"width: 101.016px;\">1,000,000<\/td>\n<\/tr>\n<tr>\n<td style=\"width: 159.969px;\">Hauteur de la canop\u00e9e \u00e0 maturit\u00e9<\/td>\n<td style=\"width: 101.016px;\">10-50 cm<\/td>\n<\/tr>\n<\/tbody>\n<\/table>\n<h3 style=\"text-align: center;\"><\/h3>\n","protected":false},"excerpt":{"rendered":"<ul>\n<li>Tol\u00e8re un trafic intense<\/li>\n<li>Tr\u00e8s bonne tol\u00e9rance au froid<\/li>\n<li>Colonise les perturbations<\/li>\n<\/ul>\n","protected":false},"featured_media":54149,"template":"","meta":{"_themeisle_gutenberg_block_has_review":false},"product_brand":[],"product_cat":[2216,2321],"product_tag":[],"class_list":{"0":"post-61298","1":"product","2":"type-product","3":"status-publish","4":"has-post-thumbnail","6":"product_cat-gazon-professionnel-et-remise-en-etat-fr","7":"product_cat-semences-indigenes-fr","9":"first","10":"instock","11":"shipping-taxable","12":"product-type-simple","13":"customify-col"},"_links":{"self":[{"href":"https:\/\/brettyoung.ca\/fr\/wp-json\/wp\/v2\/product\/61298","targetHints":{"allow":["GET"]}}],"collection":[{"href":"https:\/\/brettyoung.ca\/fr\/wp-json\/wp\/v2\/product"}],"about":[{"href":"https:\/\/brettyoung.ca\/fr\/wp-json\/wp\/v2\/types\/product"}],"wp:featuredmedia":[{"embeddable":true,"href":"https:\/\/brettyoung.ca\/fr\/wp-json\/wp\/v2\/media\/54149"}],"wp:attachment":[{"href":"https:\/\/brettyoung.ca\/fr\/wp-json\/wp\/v2\/media?parent=61298"}],"wp:term":[{"taxonomy":"product_brand","embeddable":true,"href":"https:\/\/brettyoung.ca\/fr\/wp-json\/wp\/v2\/product_brand?post=61298"},{"taxonomy":"product_cat","embeddable":true,"href":"https:\/\/brettyoung.ca\/fr\/wp-json\/wp\/v2\/product_cat?post=61298"},{"taxonomy":"product_tag","embeddable":true,"href":"https:\/\/brettyoung.ca\/fr\/wp-json\/wp\/v2\/product_tag?post=61298"}],"curies":[{"name":"wp","href":"https:\/\/api.w.org\/{rel}","templated":true}]}}