{"id":61297,"date":"2021-02-11T12:02:05","date_gmt":"2021-02-11T18:02:05","guid":{"rendered":"https:\/\/brettyoung.ca\/product\/trefle-blanc-des-prairies\/"},"modified":"2025-01-19T20:28:13","modified_gmt":"2025-01-20T02:28:13","slug":"trefle-blanc-des-prairies","status":"publish","type":"product","link":"https:\/\/brettyoung.ca\/fr\/product\/trefle-blanc-des-prairies\/","title":{"rendered":"Tr\u00e8fle blanc des prairies"},"content":{"rendered":"<table class=\"tableizer-table aligncenter\" style=\"height: 379px; width: 100.448%;\" width=\"1339\">\n<thead>\n<tr class=\"tableizer-firstrow\" style=\"height: 23px;\">\n<th style=\"width: 12.2115%; height: 23px;\">Tableau des caract\u00e9ristiques<\/th>\n<td style=\"height: 23px; width: 7.81832%;\"><\/td>\n<\/tr>\n<\/thead>\n<tbody>\n<tr style=\"height: 23px;\">\n<td style=\"width: 12.2115%; height: 23px;\">Mode de croissance<\/td>\n<td style=\"width: 7.81832%; height: 23px;\">Racine pivotante<\/td>\n<\/tr>\n<tr style=\"height: 23px;\">\n<td style=\"width: 12.2115%; height: 23px;\">Tol\u00e9rance aux inondations<\/td>\n<td style=\"width: 7.81832%; height: 23px;\">Faible<\/td>\n<\/tr>\n<tr style=\"height: 23px;\">\n<td style=\"width: 12.2115%; height: 23px;\">Tol\u00e9rance \u00e0 la s\u00e9cheresse<\/td>\n<td style=\"width: 7.81832%; height: 23px;\">Excellente<\/td>\n<\/tr>\n<tr style=\"height: 23px;\">\n<td style=\"width: 12.2115%; height: 23px;\">Tol\u00e9rance au sel<\/td>\n<td style=\"width: 7.81832%; height: 23px;\">Faible<\/td>\n<\/tr>\n<tr style=\"height: 47px;\">\n<td style=\"width: 12.2115%; height: 47px;\">PH du sol<\/td>\n<td style=\"width: 7.81832%; height: 47px;\">Neutre<\/td>\n<\/tr>\n<tr style=\"height: 95px;\">\n<td style=\"width: 12.2115%; height: 95px;\">Type de sol<\/td>\n<td style=\"width: 7.81832%; height: 95px;\">Grossier \u00e0 moyen<\/td>\n<\/tr>\n<tr style=\"height: 23px;\">\n<td style=\"width: 12.2115%; height: 23px;\">Approx. Graines\/lb<\/td>\n<td style=\"width: 7.81832%; height: 23px;\">354,000<\/td>\n<\/tr>\n<tr style=\"height: 23px;\">\n<td style=\"width: 12.2115%; height: 23px;\">Hauteur de la canop\u00e9e \u00e0 maturit\u00e9<\/td>\n<td style=\"width: 7.81832%; height: 23px;\">30-75 cm<\/td>\n<\/tr>\n<\/tbody>\n<\/table>\n<h3 style=\"text-align: center;\"><\/h3>\n","protected":false},"excerpt":{"rendered":"<ul>\n<li>Originaire d&rsquo;Am\u00e9rique du Nord<\/li>\n<li>Pr\u00e9sente dans tout le centre du Canada et aux \u00c9tats-Unis<\/li>\n<li>  Aime le plein soleil et les conditions s\u00e8ches<\/li>\n<\/ul>\n","protected":false},"featured_media":54150,"template":"","meta":{"_themeisle_gutenberg_block_has_review":false},"product_brand":[],"product_cat":[2216,2321],"product_tag":[],"class_list":{"0":"post-61297","1":"product","2":"type-product","3":"status-publish","4":"has-post-thumbnail","6":"product_cat-gazon-professionnel-et-remise-en-etat-fr","7":"product_cat-semences-indigenes-fr","9":"first","10":"instock","11":"shipping-taxable","12":"product-type-simple","13":"customify-col"},"_links":{"self":[{"href":"https:\/\/brettyoung.ca\/fr\/wp-json\/wp\/v2\/product\/61297","targetHints":{"allow":["GET"]}}],"collection":[{"href":"https:\/\/brettyoung.ca\/fr\/wp-json\/wp\/v2\/product"}],"about":[{"href":"https:\/\/brettyoung.ca\/fr\/wp-json\/wp\/v2\/types\/product"}],"wp:featuredmedia":[{"embeddable":true,"href":"https:\/\/brettyoung.ca\/fr\/wp-json\/wp\/v2\/media\/54150"}],"wp:attachment":[{"href":"https:\/\/brettyoung.ca\/fr\/wp-json\/wp\/v2\/media?parent=61297"}],"wp:term":[{"taxonomy":"product_brand","embeddable":true,"href":"https:\/\/brettyoung.ca\/fr\/wp-json\/wp\/v2\/product_brand?post=61297"},{"taxonomy":"product_cat","embeddable":true,"href":"https:\/\/brettyoung.ca\/fr\/wp-json\/wp\/v2\/product_cat?post=61297"},{"taxonomy":"product_tag","embeddable":true,"href":"https:\/\/brettyoung.ca\/fr\/wp-json\/wp\/v2\/product_tag?post=61297"}],"curies":[{"name":"wp","href":"https:\/\/api.w.org\/{rel}","templated":true}]}}