{"id":61296,"date":"2021-11-13T13:02:26","date_gmt":"2021-11-13T19:02:26","guid":{"rendered":"https:\/\/brettyoung.ca\/product\/bentgrass-pure-distinction-2\/"},"modified":"2025-01-19T20:28:09","modified_gmt":"2025-01-20T02:28:09","slug":"bentgrass-pure-distinction-2","status":"publish","type":"product","link":"https:\/\/brettyoung.ca\/fr\/product\/bentgrass-pure-distinction-2\/","title":{"rendered":"Bentgrass Pure Distinction"},"content":{"rendered":"","protected":false},"excerpt":{"rendered":"<ul>\n<li>Excellente r\u00e9sistance au fl\u00e9trissement bact\u00e9rien, aux taches brunes et fusariennes, \u00e0 l&rsquo;anthracnose et aux taches foliaires.<\/li>\n<li>Grande r\u00e9sistance au dollar spot<\/li>\n<li>Excellente tol\u00e9rance \u00e0 la chaleur, au froid et \u00e0 l&rsquo;usure<\/li>\n<\/ul>\n","protected":false},"featured_media":57461,"template":"","meta":{"_themeisle_gutenberg_block_has_review":false},"product_brand":[],"product_cat":[2454,2417,2453],"product_tag":[],"class_list":{"0":"post-61296","1":"product","2":"type-product","3":"status-publish","4":"has-post-thumbnail","6":"product_cat-agrostide-fr-2","7":"product_cat-gazon-professionnel-et-remise-en-etat-fr-2","8":"product_cat-semences-de-gazon-fr-2","10":"first","11":"instock","12":"shipping-taxable","13":"product-type-simple","14":"customify-col"},"_links":{"self":[{"href":"https:\/\/brettyoung.ca\/fr\/wp-json\/wp\/v2\/product\/61296","targetHints":{"allow":["GET"]}}],"collection":[{"href":"https:\/\/brettyoung.ca\/fr\/wp-json\/wp\/v2\/product"}],"about":[{"href":"https:\/\/brettyoung.ca\/fr\/wp-json\/wp\/v2\/types\/product"}],"wp:featuredmedia":[{"embeddable":true,"href":"https:\/\/brettyoung.ca\/fr\/wp-json\/wp\/v2\/media\/57461"}],"wp:attachment":[{"href":"https:\/\/brettyoung.ca\/fr\/wp-json\/wp\/v2\/media?parent=61296"}],"wp:term":[{"taxonomy":"product_brand","embeddable":true,"href":"https:\/\/brettyoung.ca\/fr\/wp-json\/wp\/v2\/product_brand?post=61296"},{"taxonomy":"product_cat","embeddable":true,"href":"https:\/\/brettyoung.ca\/fr\/wp-json\/wp\/v2\/product_cat?post=61296"},{"taxonomy":"product_tag","embeddable":true,"href":"https:\/\/brettyoung.ca\/fr\/wp-json\/wp\/v2\/product_tag?post=61296"}],"curies":[{"name":"wp","href":"https:\/\/api.w.org\/{rel}","templated":true}]}}