{"id":61293,"date":"2021-02-11T11:59:10","date_gmt":"2021-02-11T17:59:10","guid":{"rendered":"https:\/\/brettyoung.ca\/product\/trefle-violet-des-prairies\/"},"modified":"2025-01-19T20:27:52","modified_gmt":"2025-01-20T02:27:52","slug":"trefle-violet-des-prairies","status":"publish","type":"product","link":"https:\/\/brettyoung.ca\/fr\/product\/trefle-violet-des-prairies\/","title":{"rendered":"Tr\u00e8fle violet des prairies"},"content":{"rendered":"<table class=\"tableizer-table aligncenter\" style=\"height: 310px; width: 101.571%;\" width=\"1339\">\n<thead>\n<tr class=\"tableizer-firstrow\" style=\"height: 23px;\">\n<th style=\"width: 12.0411%; height: 23px;\">Tableau des caract\u00e9ristiques<\/th>\n<td style=\"height: 23px; width: 7.70925%;\"><\/td>\n<\/tr>\n<\/thead>\n<tbody>\n<tr>\n<td style=\"width: 12.0411%;\">Mode de croissance<\/td>\n<td style=\"width: 7.70925%;\">Racine pivotante<\/td>\n<\/tr>\n<tr>\n<td style=\"width: 12.0411%;\">Tol\u00e9rance aux inondations<\/td>\n<td style=\"width: 7.70925%;\">Juste<\/td>\n<\/tr>\n<tr>\n<td style=\"width: 12.0411%;\">Tol\u00e9rance \u00e0 la s\u00e9cheresse<\/td>\n<td style=\"width: 7.70925%;\">Bonne<\/td>\n<\/tr>\n<tr>\n<td style=\"width: 12.0411%;\">Tol\u00e9rance au sel<\/td>\n<td style=\"width: 7.70925%;\">Faible<\/td>\n<\/tr>\n<tr>\n<td style=\"width: 12.0411%;\">PH du sol<\/td>\n<td style=\"width: 7.70925%;\">Neutre<\/td>\n<\/tr>\n<tr>\n<td style=\"width: 12.0411%;\">Type de sol<\/td>\n<td style=\"width: 7.70925%;\">Grossier \u00e0 mod\u00e9r\u00e9ment fin<\/td>\n<\/tr>\n<tr>\n<td style=\"width: 12.0411%;\">Environ graines\/lb <\/td>\n<td style=\"width: 7.70925%;\">210,000<\/td>\n<\/tr>\n<tr>\n<td style=\"width: 12.0411%;\">Hauteur de la canop\u00e9e \u00e0 maturit\u00e9<\/td>\n<td style=\"width: 7.70925%;\">30-60 cm<\/td>\n<\/tr>\n<\/tbody>\n<\/table>\n<h3 style=\"text-align: center;\"><\/h3>\n","protected":false},"excerpt":{"rendered":"<ul>\n<li>Fixe naturellement l&rsquo;azote dans le sol<\/li>\n<li>Les fleurs attirent les pollinisateurs<\/li>\n<li>Tr\u00e8s app\u00e9tent et nutritif<\/li>\n<\/ul>\n","protected":false},"featured_media":54151,"template":"","meta":{"_themeisle_gutenberg_block_has_review":false},"product_brand":[],"product_cat":[2216,2321],"product_tag":[],"class_list":{"0":"post-61293","1":"product","2":"type-product","3":"status-publish","4":"has-post-thumbnail","6":"product_cat-gazon-professionnel-et-remise-en-etat-fr","7":"product_cat-semences-indigenes-fr","9":"first","10":"instock","11":"shipping-taxable","12":"product-type-simple","13":"customify-col"},"_links":{"self":[{"href":"https:\/\/brettyoung.ca\/fr\/wp-json\/wp\/v2\/product\/61293","targetHints":{"allow":["GET"]}}],"collection":[{"href":"https:\/\/brettyoung.ca\/fr\/wp-json\/wp\/v2\/product"}],"about":[{"href":"https:\/\/brettyoung.ca\/fr\/wp-json\/wp\/v2\/types\/product"}],"wp:featuredmedia":[{"embeddable":true,"href":"https:\/\/brettyoung.ca\/fr\/wp-json\/wp\/v2\/media\/54151"}],"wp:attachment":[{"href":"https:\/\/brettyoung.ca\/fr\/wp-json\/wp\/v2\/media?parent=61293"}],"wp:term":[{"taxonomy":"product_brand","embeddable":true,"href":"https:\/\/brettyoung.ca\/fr\/wp-json\/wp\/v2\/product_brand?post=61293"},{"taxonomy":"product_cat","embeddable":true,"href":"https:\/\/brettyoung.ca\/fr\/wp-json\/wp\/v2\/product_cat?post=61293"},{"taxonomy":"product_tag","embeddable":true,"href":"https:\/\/brettyoung.ca\/fr\/wp-json\/wp\/v2\/product_tag?post=61293"}],"curies":[{"name":"wp","href":"https:\/\/api.w.org\/{rel}","templated":true}]}}