{"id":61292,"date":"2021-02-11T12:06:27","date_gmt":"2021-02-11T18:06:27","guid":{"rendered":"https:\/\/brettyoung.ca\/product\/avoine\/"},"modified":"2025-01-19T20:27:50","modified_gmt":"2025-01-20T02:27:50","slug":"avoine","status":"publish","type":"product","link":"https:\/\/brettyoung.ca\/fr\/product\/avoine\/","title":{"rendered":"Avoine"},"content":{"rendered":"<table class=\"tableizer-table aligncenter\" style=\"width: 100%;\">\n<thead>\n<tr class=\"tableizer-firstrow\" style=\"height: 23px;\">\n<th style=\"width: 12.2297%; height: 23px;\">Tableau des caract\u00e9ristiques<\/th>\n<td style=\"height: 23px; width: 7.82998%;\"><\/td>\n<\/tr>\n<\/thead>\n<tbody>\n<tr style=\"height: 23px;\">\n<td style=\"width: 12.2297%; height: 23px;\">Habitudes de croissance<\/td>\n<td style=\"width: 7.82998%; height: 23px;\">Annuel<\/td>\n<\/tr>\n<tr style=\"height: 23px;\">\n<td style=\"width: 12.2297%; height: 23px;\">APPROX. SEEDS\/LB<\/td>\n<td style=\"width: 7.82998%; height: 23px;\">15,000<\/td>\n<\/tr>\n<\/tbody>\n<\/table>\n","protected":false},"excerpt":{"rendered":"<ul>\n<li>Saison froide annuelle<\/li>\n<li>Implantation rapide pour la suppression des mauvaises herbes et le contr\u00f4le de l&rsquo;\u00e9rosion<\/li>\n<li>Des cultures de couverture peuvent \u00eatre ajout\u00e9es aux m\u00e9langes personnalis\u00e9s afin de r\u00e9duire l&rsquo;\u00e9rosion des sols.<\/li>\n<\/ul>\n","protected":false},"featured_media":52828,"template":"","meta":{"_themeisle_gutenberg_block_has_review":false},"product_brand":[],"product_cat":[2216,2321],"product_tag":[],"class_list":{"0":"post-61292","1":"product","2":"type-product","3":"status-publish","4":"has-post-thumbnail","6":"product_cat-gazon-professionnel-et-remise-en-etat-fr","7":"product_cat-semences-indigenes-fr","9":"first","10":"instock","11":"shipping-taxable","12":"product-type-simple","13":"customify-col"},"_links":{"self":[{"href":"https:\/\/brettyoung.ca\/fr\/wp-json\/wp\/v2\/product\/61292","targetHints":{"allow":["GET"]}}],"collection":[{"href":"https:\/\/brettyoung.ca\/fr\/wp-json\/wp\/v2\/product"}],"about":[{"href":"https:\/\/brettyoung.ca\/fr\/wp-json\/wp\/v2\/types\/product"}],"wp:featuredmedia":[{"embeddable":true,"href":"https:\/\/brettyoung.ca\/fr\/wp-json\/wp\/v2\/media\/52828"}],"wp:attachment":[{"href":"https:\/\/brettyoung.ca\/fr\/wp-json\/wp\/v2\/media?parent=61292"}],"wp:term":[{"taxonomy":"product_brand","embeddable":true,"href":"https:\/\/brettyoung.ca\/fr\/wp-json\/wp\/v2\/product_brand?post=61292"},{"taxonomy":"product_cat","embeddable":true,"href":"https:\/\/brettyoung.ca\/fr\/wp-json\/wp\/v2\/product_cat?post=61292"},{"taxonomy":"product_tag","embeddable":true,"href":"https:\/\/brettyoung.ca\/fr\/wp-json\/wp\/v2\/product_tag?post=61292"}],"curies":[{"name":"wp","href":"https:\/\/api.w.org\/{rel}","templated":true}]}}