{"id":61286,"date":"2021-02-11T11:51:58","date_gmt":"2021-02-11T17:51:58","guid":{"rendered":"https:\/\/brettyoung.ca\/product\/balsamome-a-feuilles-darroche\/"},"modified":"2025-01-19T20:26:50","modified_gmt":"2025-01-20T02:26:50","slug":"balsamome-a-feuilles-darroche","status":"publish","type":"product","link":"https:\/\/brettyoung.ca\/fr\/product\/balsamome-a-feuilles-darroche\/","title":{"rendered":"Balsamome \u00e0 feuilles d&rsquo;arroche"},"content":{"rendered":"<table class=\"tableizer-table aligncenter\" style=\"height: 303px; width: 100.149%;\" width=\"1339\">\n<thead>\n<tr class=\"tableizer-firstrow\" style=\"height: 23px;\">\n<th style=\"width: 12.2115%; height: 23px;\">Tableau des caract\u00e9ristiques<\/th>\n<td style=\"height: 23px; width: 7.81832%;\"><\/td>\n<\/tr>\n<\/thead>\n<tbody>\n<tr style=\"height: 23px;\">\n<td style=\"width: 12.2115%; height: 23px;\">Mode de croissance<\/td>\n<td style=\"width: 7.81832%; height: 23px;\">Racine pivotante<\/td>\n<\/tr>\n<tr style=\"height: 23px;\">\n<td style=\"width: 12.2115%; height: 23px;\">Tol\u00e9rance aux inondations<\/td>\n<td style=\"width: 7.81832%; height: 23px;\"> N\/A<\/td>\n<\/tr>\n<tr style=\"height: 23px;\">\n<td style=\"width: 12.2115%; height: 23px;\">Tol\u00e9rance \u00e0 la s\u00e9cheresse<\/td>\n<td style=\"width: 7.81832%; height: 23px;\">Bonne<\/td>\n<\/tr>\n<tr style=\"height: 23px;\">\n<td style=\"width: 12.2115%; height: 23px;\">Tol\u00e9rance au sel<\/td>\n<td style=\"width: 7.81832%; height: 23px;\"> SANS OBJET<\/td>\n<\/tr>\n<tr style=\"height: 47px;\">\n<td style=\"width: 12.2115%; height: 47px;\">PH du sol<\/td>\n<td style=\"width: 7.81832%; height: 47px;\">Neutre<\/td>\n<\/tr>\n<tr style=\"height: 95px;\">\n<td style=\"width: 12.2115%; height: 95px;\">Type de sol<\/td>\n<td style=\"width: 7.81832%; height: 95px;\">Mod\u00e9r\u00e9ment grossier \u00e0 mod\u00e9r\u00e9ment fin<\/td>\n<\/tr>\n<tr style=\"height: 23px;\">\n<td style=\"width: 12.2115%; height: 23px;\">Environ graines\/lb <\/td>\n<td style=\"width: 7.81832%; height: 23px;\">55,000<\/td>\n<\/tr>\n<tr style=\"height: 23px;\">\n<td style=\"width: 12.2115%; height: 23px;\">Hauteur de la canop\u00e9e \u00e0 maturit\u00e9<\/td>\n<td style=\"width: 7.81832%; height: 23px;\">20-60 cm<\/td>\n<\/tr>\n<\/tbody>\n<\/table>\n<h3 style=\"text-align: center;\"><\/h3>\n","protected":false},"excerpt":{"rendered":"<ul>\n<li>Commun dans les communaut\u00e9s arbustives de montagne, les bois et les for\u00eats claires.<\/li>\n<li>Largement r\u00e9pandue dans l&rsquo;ouest du Canada et dans l&rsquo;ouest des \u00c9tats-Unis<\/li>\n<\/ul>\n","protected":false},"featured_media":53824,"template":"","meta":{"_themeisle_gutenberg_block_has_review":false},"product_brand":[],"product_cat":[2216,2321],"product_tag":[],"class_list":{"0":"post-61286","1":"product","2":"type-product","3":"status-publish","4":"has-post-thumbnail","6":"product_cat-gazon-professionnel-et-remise-en-etat-fr","7":"product_cat-semences-indigenes-fr","9":"first","10":"instock","11":"shipping-taxable","12":"product-type-simple","13":"customify-col"},"_links":{"self":[{"href":"https:\/\/brettyoung.ca\/fr\/wp-json\/wp\/v2\/product\/61286","targetHints":{"allow":["GET"]}}],"collection":[{"href":"https:\/\/brettyoung.ca\/fr\/wp-json\/wp\/v2\/product"}],"about":[{"href":"https:\/\/brettyoung.ca\/fr\/wp-json\/wp\/v2\/types\/product"}],"wp:featuredmedia":[{"embeddable":true,"href":"https:\/\/brettyoung.ca\/fr\/wp-json\/wp\/v2\/media\/53824"}],"wp:attachment":[{"href":"https:\/\/brettyoung.ca\/fr\/wp-json\/wp\/v2\/media?parent=61286"}],"wp:term":[{"taxonomy":"product_brand","embeddable":true,"href":"https:\/\/brettyoung.ca\/fr\/wp-json\/wp\/v2\/product_brand?post=61286"},{"taxonomy":"product_cat","embeddable":true,"href":"https:\/\/brettyoung.ca\/fr\/wp-json\/wp\/v2\/product_cat?post=61286"},{"taxonomy":"product_tag","embeddable":true,"href":"https:\/\/brettyoung.ca\/fr\/wp-json\/wp\/v2\/product_tag?post=61286"}],"curies":[{"name":"wp","href":"https:\/\/api.w.org\/{rel}","templated":true}]}}