{"id":61285,"date":"2021-02-11T11:50:27","date_gmt":"2021-02-11T17:50:27","guid":{"rendered":"https:\/\/brettyoung.ca\/product\/vesce-damerique\/"},"modified":"2025-01-19T20:26:38","modified_gmt":"2025-01-20T02:26:38","slug":"vesce-damerique","status":"publish","type":"product","link":"https:\/\/brettyoung.ca\/fr\/product\/vesce-damerique\/","title":{"rendered":"Vesce d&rsquo;Am\u00e9rique"},"content":{"rendered":"<table class=\"tableizer-table aligncenter\" style=\"height: 365px; width: 101.12%;\" width=\"1339\">\n<thead>\n<tr class=\"tableizer-firstrow\" style=\"height: 23px;\">\n<th style=\"width: 12.2115%; height: 23px;\">Tableau des caract\u00e9ristiques<\/th>\n<td style=\"height: 23px; width: 7.81832%;\"><\/td>\n<\/tr>\n<\/thead>\n<tbody>\n<tr style=\"height: 23px;\">\n<td style=\"width: 12.2115%; height: 23px;\">Mode de croissance<\/td>\n<td style=\"width: 7.81832%; height: 23px;\">Racine pivotante<\/td>\n<\/tr>\n<tr style=\"height: 23px;\">\n<td style=\"width: 12.2115%; height: 23px;\">Tol\u00e9rance aux inondations<\/td>\n<td style=\"width: 7.81832%; height: 23px;\">Juste<\/td>\n<\/tr>\n<tr style=\"height: 23px;\">\n<td style=\"width: 12.2115%; height: 23px;\">Tol\u00e9rance \u00e0 la s\u00e9cheresse<\/td>\n<td style=\"width: 7.81832%; height: 23px;\">Bonne<\/td>\n<\/tr>\n<tr style=\"height: 23px;\">\n<td style=\"width: 12.2115%; height: 23px;\">Tol\u00e9rance au sel<\/td>\n<td style=\"width: 7.81832%; height: 23px;\">Faible<\/td>\n<\/tr>\n<tr style=\"height: 47px;\">\n<td style=\"width: 12.2115%; height: 47px;\">PH du sol<\/td>\n<td style=\"width: 7.81832%; height: 47px;\">Neutre \u00e0 basique<\/td>\n<\/tr>\n<tr style=\"height: 95px;\">\n<td style=\"width: 12.2115%; height: 95px;\">Type de sol<\/td>\n<td style=\"width: 7.81832%; height: 95px;\">Mod\u00e9r\u00e9ment grossier \u00e0 fin<\/td>\n<\/tr>\n<tr style=\"height: 23px;\">\n<td style=\"width: 12.2115%; height: 23px;\">Environ graines\/lb <\/td>\n<td style=\"width: 7.81832%; height: 23px;\">33,000<\/td>\n<\/tr>\n<tr style=\"height: 23px;\">\n<td style=\"width: 12.2115%; height: 23px;\">Hauteur de la canop\u00e9e \u00e0 maturit\u00e9<\/td>\n<td style=\"width: 7.81832%; height: 23px;\">15-60 cm<\/td>\n<\/tr>\n<\/tbody>\n<\/table>\n<h3 style=\"text-align: center;\"><\/h3>\n","protected":false},"excerpt":{"rendered":"<ul>\n<li>Commune dans la plupart des r\u00e9gions de l&rsquo;Alberta<\/li>\n<li>On ne le trouve g\u00e9n\u00e9ralement pas dans les montagnes \u00e0 des altitudes plus \u00e9lev\u00e9es.<\/li>\n<li>Commune dans les prairies mixtes dans l&rsquo;ouest du Canada et au sud du Texas.<\/li>\n<\/ul>\n","protected":false},"featured_media":53822,"template":"","meta":{"_themeisle_gutenberg_block_has_review":false},"product_brand":[],"product_cat":[2216,2321],"product_tag":[],"class_list":{"0":"post-61285","1":"product","2":"type-product","3":"status-publish","4":"has-post-thumbnail","6":"product_cat-gazon-professionnel-et-remise-en-etat-fr","7":"product_cat-semences-indigenes-fr","9":"first","10":"instock","11":"shipping-taxable","12":"product-type-simple","13":"customify-col"},"_links":{"self":[{"href":"https:\/\/brettyoung.ca\/fr\/wp-json\/wp\/v2\/product\/61285","targetHints":{"allow":["GET"]}}],"collection":[{"href":"https:\/\/brettyoung.ca\/fr\/wp-json\/wp\/v2\/product"}],"about":[{"href":"https:\/\/brettyoung.ca\/fr\/wp-json\/wp\/v2\/types\/product"}],"wp:featuredmedia":[{"embeddable":true,"href":"https:\/\/brettyoung.ca\/fr\/wp-json\/wp\/v2\/media\/53822"}],"wp:attachment":[{"href":"https:\/\/brettyoung.ca\/fr\/wp-json\/wp\/v2\/media?parent=61285"}],"wp:term":[{"taxonomy":"product_brand","embeddable":true,"href":"https:\/\/brettyoung.ca\/fr\/wp-json\/wp\/v2\/product_brand?post=61285"},{"taxonomy":"product_cat","embeddable":true,"href":"https:\/\/brettyoung.ca\/fr\/wp-json\/wp\/v2\/product_cat?post=61285"},{"taxonomy":"product_tag","embeddable":true,"href":"https:\/\/brettyoung.ca\/fr\/wp-json\/wp\/v2\/product_tag?post=61285"}],"curies":[{"name":"wp","href":"https:\/\/api.w.org\/{rel}","templated":true}]}}