{"id":61282,"date":"2023-05-18T17:28:13","date_gmt":"2023-05-18T22:28:13","guid":{"rendered":"https:\/\/brettyoung.ca\/product\/30-1-10-65-pronexx-2-fe-sn-sop\/"},"modified":"2025-06-25T13:39:18","modified_gmt":"2025-06-25T18:39:18","slug":"30-1-10-65-pronexx-2-fe-sn-sop","status":"publish","type":"product","link":"https:\/\/brettyoung.ca\/fr\/product\/30-1-10-65-pronexx-2-fe-sn-sop\/","title":{"rendered":"30-1-10 65% ProNexx, 2% Fe, SN, SOP"},"content":{"rendered":"","protected":false},"excerpt":{"rendered":"<ul>\n<li>Produit \u00e0 base d&rsquo;azote stabilis\u00e9 pr\u00e9sentant ProNexx<\/li>\n<li>Aide \u00e0 contr\u00f4ler les pertes d&rsquo;azote dues \u00e0 la volatilisation de l&rsquo;ammoniac<\/li>\n<li>Des performances constantes dans des conditions de sol vari\u00e9es<\/li>\n<\/ul>\n","protected":false},"featured_media":53510,"template":"","meta":{"_themeisle_gutenberg_block_has_review":false},"product_brand":[],"product_cat":[2333,2349,2216,2383],"product_tag":[],"class_list":{"0":"post-61282","1":"product","2":"type-product","3":"status-publish","4":"has-post-thumbnail","6":"product_cat-engrais-fr","7":"product_cat-engrais-de-recuperation-fr","8":"product_cat-gazon-professionnel-et-remise-en-etat-fr","9":"product_cat-granulaire-fr","11":"first","12":"instock","13":"shipping-taxable","14":"product-type-simple","15":"customify-col"},"_links":{"self":[{"href":"https:\/\/brettyoung.ca\/fr\/wp-json\/wp\/v2\/product\/61282","targetHints":{"allow":["GET"]}}],"collection":[{"href":"https:\/\/brettyoung.ca\/fr\/wp-json\/wp\/v2\/product"}],"about":[{"href":"https:\/\/brettyoung.ca\/fr\/wp-json\/wp\/v2\/types\/product"}],"wp:featuredmedia":[{"embeddable":true,"href":"https:\/\/brettyoung.ca\/fr\/wp-json\/wp\/v2\/media\/53510"}],"wp:attachment":[{"href":"https:\/\/brettyoung.ca\/fr\/wp-json\/wp\/v2\/media?parent=61282"}],"wp:term":[{"taxonomy":"product_brand","embeddable":true,"href":"https:\/\/brettyoung.ca\/fr\/wp-json\/wp\/v2\/product_brand?post=61282"},{"taxonomy":"product_cat","embeddable":true,"href":"https:\/\/brettyoung.ca\/fr\/wp-json\/wp\/v2\/product_cat?post=61282"},{"taxonomy":"product_tag","embeddable":true,"href":"https:\/\/brettyoung.ca\/fr\/wp-json\/wp\/v2\/product_tag?post=61282"}],"curies":[{"name":"wp","href":"https:\/\/api.w.org\/{rel}","templated":true}]}}