{"id":61281,"date":"2022-08-03T11:14:46","date_gmt":"2022-08-03T16:14:46","guid":{"rendered":"https:\/\/brettyoung.ca\/product\/46-0-0-100-melt-spray\/"},"modified":"2025-06-25T13:38:48","modified_gmt":"2025-06-25T18:38:48","slug":"46-0-0-100-melt-spray","status":"publish","type":"product","link":"https:\/\/brettyoung.ca\/fr\/product\/46-0-0-100-melt-spray\/","title":{"rendered":"46-0-0 100% Melt + Spray\u00ae (fonte et pulv\u00e9risation)"},"content":{"rendered":"<p><strong>UTILISATION DU PRODUIT<\/strong><\/p>\n<table width=\"747\">\n<tbody>\n<tr>\n<td width=\"245\"><strong>Utilisation pr\u00e9vue<\/strong><\/td>\n<td width=\"251\"><strong>Saison<\/strong><\/td>\n<td width=\"251\"><strong>Source \u00e0 lib\u00e9ration lente<\/strong><\/td>\n<\/tr>\n<tr>\n<td width=\"245\">Tees\/Fairways<\/td>\n<td width=\"251\">Toute saison<\/td>\n<td width=\"251\">Azote stabilis\u00e9<\/td>\n<\/tr>\n<\/tbody>\n<\/table>\n","protected":false},"excerpt":{"rendered":"<ul>\n<li>SRN rentable<\/li>\n<li>Formulation \u00e0 haute teneur en azote pour de faibles doses<\/li>\n<li>Peut \u00eatre appliqu\u00e9 sous forme de granul\u00e9s ou fondu et pulv\u00e9ris\u00e9.<\/li>\n<\/ul>\n<p>&nbsp;<\/p>\n","protected":false},"featured_media":53414,"template":"","meta":{"_themeisle_gutenberg_block_has_review":false},"product_brand":[],"product_cat":[2333,2349,2216,2383],"product_tag":[],"class_list":{"0":"post-61281","1":"product","2":"type-product","3":"status-publish","4":"has-post-thumbnail","6":"product_cat-engrais-fr","7":"product_cat-engrais-de-recuperation-fr","8":"product_cat-gazon-professionnel-et-remise-en-etat-fr","9":"product_cat-granulaire-fr","11":"first","12":"instock","13":"shipping-taxable","14":"product-type-simple","15":"customify-col"},"_links":{"self":[{"href":"https:\/\/brettyoung.ca\/fr\/wp-json\/wp\/v2\/product\/61281","targetHints":{"allow":["GET"]}}],"collection":[{"href":"https:\/\/brettyoung.ca\/fr\/wp-json\/wp\/v2\/product"}],"about":[{"href":"https:\/\/brettyoung.ca\/fr\/wp-json\/wp\/v2\/types\/product"}],"wp:featuredmedia":[{"embeddable":true,"href":"https:\/\/brettyoung.ca\/fr\/wp-json\/wp\/v2\/media\/53414"}],"wp:attachment":[{"href":"https:\/\/brettyoung.ca\/fr\/wp-json\/wp\/v2\/media?parent=61281"}],"wp:term":[{"taxonomy":"product_brand","embeddable":true,"href":"https:\/\/brettyoung.ca\/fr\/wp-json\/wp\/v2\/product_brand?post=61281"},{"taxonomy":"product_cat","embeddable":true,"href":"https:\/\/brettyoung.ca\/fr\/wp-json\/wp\/v2\/product_cat?post=61281"},{"taxonomy":"product_tag","embeddable":true,"href":"https:\/\/brettyoung.ca\/fr\/wp-json\/wp\/v2\/product_tag?post=61281"}],"curies":[{"name":"wp","href":"https:\/\/api.w.org\/{rel}","templated":true}]}}