{"id":61277,"date":"2022-08-03T10:42:00","date_gmt":"2022-08-03T15:42:00","guid":{"rendered":"https:\/\/brettyoung.ca\/product\/replenish-8-2-2\/"},"modified":"2026-03-19T10:20:02","modified_gmt":"2026-03-19T15:20:02","slug":"replenish-8-2-2","status":"publish","type":"product","link":"https:\/\/brettyoung.ca\/fr\/product\/replenish-8-2-2\/","title":{"rendered":"Replenish\u2122 8-2-2"},"content":{"rendered":"<p><strong>UTILISATION DU PRODUIT<\/strong><\/p>\n<table width=\"747\">\n<tbody>\n<tr>\n<td width=\"245\"><strong>Utilisation pr\u00e9vue<\/strong><\/td>\n<td width=\"251\"><strong>Saison<\/strong><\/td>\n<td width=\"251\"><strong>Source \u00e0 lib\u00e9ration lente<\/strong><\/td>\n<\/tr>\n<tr>\n<td width=\"245\">Tees\/Fairways<\/td>\n<td width=\"251\">Toute saison<\/td>\n<td width=\"251\">Fumier de volaille compost\u00e9 Sulfate d&rsquo;ammonium<\/td>\n<\/tr>\n<\/tbody>\n<\/table>\n","protected":false},"excerpt":{"rendered":"<ul>\n<li>Tr\u00e8s actif biologiquement<\/li>\n<li>Produit id\u00e9al pour le reverdissement au printemps, la reprise apr\u00e8s l&rsquo;\u00e9t\u00e9 et l&rsquo;alimentation en p\u00e9riode de dormance.<\/li>\n<li>Une source de carbone qui sert de nourriture aux microbes du sol.<\/li>\n<\/ul>\n","protected":false},"featured_media":53488,"template":"","meta":{"_themeisle_gutenberg_block_has_review":false},"product_brand":[],"product_cat":[2333,2216,2383],"product_tag":[],"class_list":{"0":"post-61277","1":"product","2":"type-product","3":"status-publish","4":"has-post-thumbnail","6":"product_cat-engrais-fr","7":"product_cat-gazon-professionnel-et-remise-en-etat-fr","8":"product_cat-granulaire-fr","10":"first","11":"instock","12":"shipping-taxable","13":"product-type-simple","14":"customify-col"},"_links":{"self":[{"href":"https:\/\/brettyoung.ca\/fr\/wp-json\/wp\/v2\/product\/61277","targetHints":{"allow":["GET"]}}],"collection":[{"href":"https:\/\/brettyoung.ca\/fr\/wp-json\/wp\/v2\/product"}],"about":[{"href":"https:\/\/brettyoung.ca\/fr\/wp-json\/wp\/v2\/types\/product"}],"wp:featuredmedia":[{"embeddable":true,"href":"https:\/\/brettyoung.ca\/fr\/wp-json\/wp\/v2\/media\/53488"}],"wp:attachment":[{"href":"https:\/\/brettyoung.ca\/fr\/wp-json\/wp\/v2\/media?parent=61277"}],"wp:term":[{"taxonomy":"product_brand","embeddable":true,"href":"https:\/\/brettyoung.ca\/fr\/wp-json\/wp\/v2\/product_brand?post=61277"},{"taxonomy":"product_cat","embeddable":true,"href":"https:\/\/brettyoung.ca\/fr\/wp-json\/wp\/v2\/product_cat?post=61277"},{"taxonomy":"product_tag","embeddable":true,"href":"https:\/\/brettyoung.ca\/fr\/wp-json\/wp\/v2\/product_tag?post=61277"}],"curies":[{"name":"wp","href":"https:\/\/api.w.org\/{rel}","templated":true}]}}