{"id":61273,"date":"2022-08-03T11:40:38","date_gmt":"2022-08-03T16:40:38","guid":{"rendered":"https:\/\/brettyoung.ca\/product\/32-4-10-mini-80-pronexx\/"},"modified":"2025-06-25T13:39:07","modified_gmt":"2025-06-25T18:39:07","slug":"32-4-10-mini-80-pronexx","status":"publish","type":"product","link":"https:\/\/brettyoung.ca\/fr\/product\/32-4-10-mini-80-pronexx\/","title":{"rendered":"32-4-10 mini 80% Pronexx"},"content":{"rendered":"","protected":false},"excerpt":{"rendered":"<ul>\n<li>Source \u00e0 lib\u00e9ration lente : Azote stabilis\u00e9<\/li>\n<li>100% SOP<\/li>\n<\/ul>\n","protected":false},"featured_media":53510,"template":"","meta":{"_themeisle_gutenberg_block_has_review":false},"product_brand":[],"product_cat":[2333,2216,2383],"product_tag":[],"class_list":{"0":"post-61273","1":"product","2":"type-product","3":"status-publish","4":"has-post-thumbnail","6":"product_cat-engrais-fr","7":"product_cat-gazon-professionnel-et-remise-en-etat-fr","8":"product_cat-granulaire-fr","10":"first","11":"instock","12":"shipping-taxable","13":"product-type-simple","14":"customify-col"},"_links":{"self":[{"href":"https:\/\/brettyoung.ca\/fr\/wp-json\/wp\/v2\/product\/61273","targetHints":{"allow":["GET"]}}],"collection":[{"href":"https:\/\/brettyoung.ca\/fr\/wp-json\/wp\/v2\/product"}],"about":[{"href":"https:\/\/brettyoung.ca\/fr\/wp-json\/wp\/v2\/types\/product"}],"wp:featuredmedia":[{"embeddable":true,"href":"https:\/\/brettyoung.ca\/fr\/wp-json\/wp\/v2\/media\/53510"}],"wp:attachment":[{"href":"https:\/\/brettyoung.ca\/fr\/wp-json\/wp\/v2\/media?parent=61273"}],"wp:term":[{"taxonomy":"product_brand","embeddable":true,"href":"https:\/\/brettyoung.ca\/fr\/wp-json\/wp\/v2\/product_brand?post=61273"},{"taxonomy":"product_cat","embeddable":true,"href":"https:\/\/brettyoung.ca\/fr\/wp-json\/wp\/v2\/product_cat?post=61273"},{"taxonomy":"product_tag","embeddable":true,"href":"https:\/\/brettyoung.ca\/fr\/wp-json\/wp\/v2\/product_tag?post=61273"}],"curies":[{"name":"wp","href":"https:\/\/api.w.org\/{rel}","templated":true}]}}