{"id":61271,"date":"2022-07-26T12:37:19","date_gmt":"2022-07-26T17:37:19","guid":{"rendered":"https:\/\/brettyoung.ca\/product\/crystal-bluelinks-bentgrass\/"},"modified":"2025-01-19T20:25:12","modified_gmt":"2025-01-20T02:25:12","slug":"crystal-bluelinks-bentgrass","status":"publish","type":"product","link":"https:\/\/brettyoung.ca\/fr\/product\/crystal-bluelinks-bentgrass\/","title":{"rendered":"Crystal BlueLinks Bentgrass"},"content":{"rendered":"","protected":false},"excerpt":{"rendered":"<ul>\n<li>R\u00e9sistant \u00e0 la tache brune et \u00e0 la br\u00fblure en plaques<\/li>\n<li>  Tr\u00e8s bonne couleur d&rsquo;hiver<\/li>\n<li>Verdissement rapide au printemps<\/li>\n<\/ul>\n","protected":false},"featured_media":53574,"template":"","meta":{"_themeisle_gutenberg_block_has_review":false},"product_brand":[],"product_cat":[2434,2216,2217],"product_tag":[],"class_list":{"0":"post-61271","1":"product","2":"type-product","3":"status-publish","4":"has-post-thumbnail","6":"product_cat-agrostide-fr","7":"product_cat-gazon-professionnel-et-remise-en-etat-fr","8":"product_cat-semences-de-gazon-fr","10":"first","11":"instock","12":"shipping-taxable","13":"product-type-simple","14":"customify-col"},"_links":{"self":[{"href":"https:\/\/brettyoung.ca\/fr\/wp-json\/wp\/v2\/product\/61271","targetHints":{"allow":["GET"]}}],"collection":[{"href":"https:\/\/brettyoung.ca\/fr\/wp-json\/wp\/v2\/product"}],"about":[{"href":"https:\/\/brettyoung.ca\/fr\/wp-json\/wp\/v2\/types\/product"}],"wp:featuredmedia":[{"embeddable":true,"href":"https:\/\/brettyoung.ca\/fr\/wp-json\/wp\/v2\/media\/53574"}],"wp:attachment":[{"href":"https:\/\/brettyoung.ca\/fr\/wp-json\/wp\/v2\/media?parent=61271"}],"wp:term":[{"taxonomy":"product_brand","embeddable":true,"href":"https:\/\/brettyoung.ca\/fr\/wp-json\/wp\/v2\/product_brand?post=61271"},{"taxonomy":"product_cat","embeddable":true,"href":"https:\/\/brettyoung.ca\/fr\/wp-json\/wp\/v2\/product_cat?post=61271"},{"taxonomy":"product_tag","embeddable":true,"href":"https:\/\/brettyoung.ca\/fr\/wp-json\/wp\/v2\/product_tag?post=61271"}],"curies":[{"name":"wp","href":"https:\/\/api.w.org\/{rel}","templated":true}]}}