{"id":61267,"date":"2022-08-03T08:49:46","date_gmt":"2022-08-03T13:49:46","guid":{"rendered":"https:\/\/brettyoung.ca\/product\/0-0-15\/"},"modified":"2025-06-25T13:37:46","modified_gmt":"2025-06-25T18:37:46","slug":"0-0-15","status":"publish","type":"product","link":"https:\/\/brettyoung.ca\/fr\/product\/0-0-15\/","title":{"rendered":"0-0-15"},"content":{"rendered":"<p>          <strong>UTILISATION DU PRODUIT<\/strong><\/p>\n<table width=\"747\">\n<tbody>\n<tr>\n<td width=\"245\"><strong>Utilisation pr\u00e9vue<\/strong><\/td>\n<td width=\"251\"><strong>Saison<\/strong><\/td>\n<td width=\"251\"><strong>Source \u00e0 lib\u00e9ration lente<\/strong><\/td>\n<\/tr>\n<tr>\n<td width=\"245\">Verts\/Tees<\/td>\n<td width=\"251\">\u00c9t\u00e9 (Est), Toute saison (Ouest)<\/td>\n<td width=\"251\">Sulfate de calcium<\/p>\n<p>Sulfate de potasse Magn\u00e9sie<\/td>\n<\/tr>\n<\/tbody>\n<\/table>\n","protected":false},"excerpt":{"rendered":"<ul>\n<li>Formul\u00e9 avec du gypse et du sul-po-mag<\/li>\n<li>Favorise une nutrition \u00e9quilibr\u00e9e dans les sols \u00e0 faible CEC<\/li>\n<li>Outil de gestion de la mauvaise qualit\u00e9 de l&rsquo;eau<\/li>\n<\/ul>\n","protected":false},"featured_media":53494,"template":"","meta":{"_themeisle_gutenberg_block_has_review":false},"product_brand":[],"product_cat":[2333,2394,2216,2383],"product_tag":[],"class_list":{"0":"post-61267","1":"product","2":"type-product","3":"status-publish","4":"has-post-thumbnail","6":"product_cat-engrais-fr","7":"product_cat-exportation-dengrais-fr-2","8":"product_cat-gazon-professionnel-et-remise-en-etat-fr","9":"product_cat-granulaire-fr","11":"first","12":"instock","13":"shipping-taxable","14":"product-type-simple","15":"customify-col"},"_links":{"self":[{"href":"https:\/\/brettyoung.ca\/fr\/wp-json\/wp\/v2\/product\/61267","targetHints":{"allow":["GET"]}}],"collection":[{"href":"https:\/\/brettyoung.ca\/fr\/wp-json\/wp\/v2\/product"}],"about":[{"href":"https:\/\/brettyoung.ca\/fr\/wp-json\/wp\/v2\/types\/product"}],"wp:featuredmedia":[{"embeddable":true,"href":"https:\/\/brettyoung.ca\/fr\/wp-json\/wp\/v2\/media\/53494"}],"wp:attachment":[{"href":"https:\/\/brettyoung.ca\/fr\/wp-json\/wp\/v2\/media?parent=61267"}],"wp:term":[{"taxonomy":"product_brand","embeddable":true,"href":"https:\/\/brettyoung.ca\/fr\/wp-json\/wp\/v2\/product_brand?post=61267"},{"taxonomy":"product_cat","embeddable":true,"href":"https:\/\/brettyoung.ca\/fr\/wp-json\/wp\/v2\/product_cat?post=61267"},{"taxonomy":"product_tag","embeddable":true,"href":"https:\/\/brettyoung.ca\/fr\/wp-json\/wp\/v2\/product_tag?post=61267"}],"curies":[{"name":"wp","href":"https:\/\/api.w.org\/{rel}","templated":true}]}}