{"id":61265,"date":"2022-08-03T08:44:31","date_gmt":"2022-08-03T13:44:31","guid":{"rendered":"https:\/\/brettyoung.ca\/product\/replenish-10-2-5\/"},"modified":"2026-03-19T10:21:11","modified_gmt":"2026-03-19T15:21:11","slug":"replenish-10-2-5","status":"publish","type":"product","link":"https:\/\/brettyoung.ca\/fr\/product\/replenish-10-2-5\/","title":{"rendered":"Replenish\u2122 10-2-5"},"content":{"rendered":"<p><strong>UTILISATION DU PRODUIT<\/strong><\/p>\n<table width=\"747\">\n<tbody>\n<tr>\n<td width=\"245\"><strong>Utilisation pr\u00e9vue<\/strong><\/td>\n<td width=\"251\"><strong>Saison<\/strong><\/td>\n<td width=\"251\"><strong>Source \u00e0 lib\u00e9ration lente<\/strong><\/td>\n<\/tr>\n<tr>\n<td width=\"245\">Verts\/Tees<\/td>\n<td width=\"251\">Toute saison<\/td>\n<td width=\"251\">Coquille d&rsquo;\u0153uf Compost de volaille<\/p>\n<p>M\u00e9thyl\u00e8ne Ur\u00e9e<\/td>\n<\/tr>\n<\/tbody>\n<\/table>\n","protected":false},"excerpt":{"rendered":"<ul>\n<li>Excellente application estivale<\/li>\n<li>Stimule l&rsquo;activit\u00e9 microbienne<\/li>\n<li>Calcium pour une meilleure r\u00e9sistance des plantes<\/li>\n<\/ul>\n<p>&nbsp;<\/p>\n","protected":false},"featured_media":53489,"template":"","meta":{"_themeisle_gutenberg_block_has_review":false},"product_brand":[],"product_cat":[2333,2216,2383],"product_tag":[],"class_list":{"0":"post-61265","1":"product","2":"type-product","3":"status-publish","4":"has-post-thumbnail","6":"product_cat-engrais-fr","7":"product_cat-gazon-professionnel-et-remise-en-etat-fr","8":"product_cat-granulaire-fr","10":"first","11":"instock","12":"shipping-taxable","13":"product-type-simple","14":"customify-col"},"_links":{"self":[{"href":"https:\/\/brettyoung.ca\/fr\/wp-json\/wp\/v2\/product\/61265","targetHints":{"allow":["GET"]}}],"collection":[{"href":"https:\/\/brettyoung.ca\/fr\/wp-json\/wp\/v2\/product"}],"about":[{"href":"https:\/\/brettyoung.ca\/fr\/wp-json\/wp\/v2\/types\/product"}],"wp:featuredmedia":[{"embeddable":true,"href":"https:\/\/brettyoung.ca\/fr\/wp-json\/wp\/v2\/media\/53489"}],"wp:attachment":[{"href":"https:\/\/brettyoung.ca\/fr\/wp-json\/wp\/v2\/media?parent=61265"}],"wp:term":[{"taxonomy":"product_brand","embeddable":true,"href":"https:\/\/brettyoung.ca\/fr\/wp-json\/wp\/v2\/product_brand?post=61265"},{"taxonomy":"product_cat","embeddable":true,"href":"https:\/\/brettyoung.ca\/fr\/wp-json\/wp\/v2\/product_cat?post=61265"},{"taxonomy":"product_tag","embeddable":true,"href":"https:\/\/brettyoung.ca\/fr\/wp-json\/wp\/v2\/product_tag?post=61265"}],"curies":[{"name":"wp","href":"https:\/\/api.w.org\/{rel}","templated":true}]}}