{"id":61261,"date":"2024-02-23T14:32:00","date_gmt":"2024-02-23T20:32:00","guid":{"rendered":"https:\/\/brettyoung.ca\/product\/flexxcape-2\/"},"modified":"2025-06-25T13:28:25","modified_gmt":"2025-06-25T18:28:25","slug":"flexxcape-2","status":"publish","type":"product","link":"https:\/\/brettyoung.ca\/fr\/product\/flexxcape-2\/","title":{"rendered":"Flexxcape \u2122"},"content":{"rendered":"","protected":false},"excerpt":{"rendered":"<ul>\n<li>Con\u00e7u pour \u00eatre une solution de bunker permanente<\/li>\n<li>La formulation exclusive du PVC est incroyablement durable<\/li>\n<li>Les boucles ondul\u00e9es et irr\u00e9guli\u00e8res permettent une coh\u00e9sion maximale des particules de sable.<\/li>\n<\/ul>\n","protected":false},"featured_media":55778,"template":"","meta":{"_themeisle_gutenberg_block_has_review":false},"product_brand":[],"product_cat":[2306,2216],"product_tag":[],"class_list":{"0":"post-61261","1":"product","2":"type-product","3":"status-publish","4":"has-post-thumbnail","6":"product_cat-accessoires-et-equipements-fr","7":"product_cat-gazon-professionnel-et-remise-en-etat-fr","9":"first","10":"instock","11":"shipping-taxable","12":"product-type-simple","13":"customify-col"},"_links":{"self":[{"href":"https:\/\/brettyoung.ca\/fr\/wp-json\/wp\/v2\/product\/61261","targetHints":{"allow":["GET"]}}],"collection":[{"href":"https:\/\/brettyoung.ca\/fr\/wp-json\/wp\/v2\/product"}],"about":[{"href":"https:\/\/brettyoung.ca\/fr\/wp-json\/wp\/v2\/types\/product"}],"wp:featuredmedia":[{"embeddable":true,"href":"https:\/\/brettyoung.ca\/fr\/wp-json\/wp\/v2\/media\/55778"}],"wp:attachment":[{"href":"https:\/\/brettyoung.ca\/fr\/wp-json\/wp\/v2\/media?parent=61261"}],"wp:term":[{"taxonomy":"product_brand","embeddable":true,"href":"https:\/\/brettyoung.ca\/fr\/wp-json\/wp\/v2\/product_brand?post=61261"},{"taxonomy":"product_cat","embeddable":true,"href":"https:\/\/brettyoung.ca\/fr\/wp-json\/wp\/v2\/product_cat?post=61261"},{"taxonomy":"product_tag","embeddable":true,"href":"https:\/\/brettyoung.ca\/fr\/wp-json\/wp\/v2\/product_tag?post=61261"}],"curies":[{"name":"wp","href":"https:\/\/api.w.org\/{rel}","templated":true}]}}