{"id":61259,"date":"2021-11-13T10:10:28","date_gmt":"2021-11-13T16:10:28","guid":{"rendered":"https:\/\/brettyoung.ca\/product\/spyker-ergo-pro\/"},"modified":"2025-01-19T20:23:47","modified_gmt":"2025-01-20T02:23:47","slug":"spyker-ergo-pro","status":"publish","type":"product","link":"https:\/\/brettyoung.ca\/fr\/product\/spyker-ergo-pro\/","title":{"rendered":"SPYKER ERGO-PRO\u2122"},"content":{"rendered":"","protected":false},"excerpt":{"rendered":"<ul>\n<li>Cadre soud\u00e9 r\u00e9sistant aux chocs<\/li>\n<li>Poign\u00e9e ergonomique<\/li>\n<li>Engrenages m\u00e9talliques enti\u00e8rement ferm\u00e9s pour une plus grande durabilit\u00e9<\/li>\n<\/ul>\n","protected":false},"featured_media":53043,"template":"","meta":{"_themeisle_gutenberg_block_has_review":false},"product_brand":[],"product_cat":[2306,2216],"product_tag":[],"class_list":{"0":"post-61259","1":"product","2":"type-product","3":"status-publish","4":"has-post-thumbnail","6":"product_cat-accessoires-et-equipements-fr","7":"product_cat-gazon-professionnel-et-remise-en-etat-fr","9":"first","10":"instock","11":"shipping-taxable","12":"product-type-simple","13":"customify-col"},"_links":{"self":[{"href":"https:\/\/brettyoung.ca\/fr\/wp-json\/wp\/v2\/product\/61259","targetHints":{"allow":["GET"]}}],"collection":[{"href":"https:\/\/brettyoung.ca\/fr\/wp-json\/wp\/v2\/product"}],"about":[{"href":"https:\/\/brettyoung.ca\/fr\/wp-json\/wp\/v2\/types\/product"}],"wp:featuredmedia":[{"embeddable":true,"href":"https:\/\/brettyoung.ca\/fr\/wp-json\/wp\/v2\/media\/53043"}],"wp:attachment":[{"href":"https:\/\/brettyoung.ca\/fr\/wp-json\/wp\/v2\/media?parent=61259"}],"wp:term":[{"taxonomy":"product_brand","embeddable":true,"href":"https:\/\/brettyoung.ca\/fr\/wp-json\/wp\/v2\/product_brand?post=61259"},{"taxonomy":"product_cat","embeddable":true,"href":"https:\/\/brettyoung.ca\/fr\/wp-json\/wp\/v2\/product_cat?post=61259"},{"taxonomy":"product_tag","embeddable":true,"href":"https:\/\/brettyoung.ca\/fr\/wp-json\/wp\/v2\/product_tag?post=61259"}],"curies":[{"name":"wp","href":"https:\/\/api.w.org\/{rel}","templated":true}]}}