{"id":61256,"date":"2021-02-12T08:02:08","date_gmt":"2021-02-12T14:02:08","guid":{"rendered":"https:\/\/brettyoung.ca\/product\/lesco-80-epandeur-rotatif\/"},"modified":"2025-06-25T13:34:58","modified_gmt":"2025-06-25T18:34:58","slug":"lesco-80-epandeur-rotatif","status":"publish","type":"product","link":"https:\/\/brettyoung.ca\/fr\/product\/lesco-80-epandeur-rotatif\/","title":{"rendered":"LESCO\u00ae 80# \u00e9pandeur rotatif"},"content":{"rendered":"","protected":false},"excerpt":{"rendered":"<ul>\n<li>Le rapport d&rsquo;engrenage de 5:1 et le jeu d&rsquo;engrenages ferm\u00e9 assurent une distribution uniforme du produit tout en prot\u00e9geant les engrenages de la poussi\u00e8re et des d\u00e9bris.<\/li>\n<li>Les pneus surdimensionn\u00e9s avec jantes \u00ab\u00a0No Rust\u00a0\u00bb augmentent la stabilit\u00e9 et facilitent l&rsquo;utilisation sur les pelouses plus hautes, plus \u00e9paisses et plus rugueuses.<\/li>\n<li>La poign\u00e9e r\u00e9glable peut \u00eatre mont\u00e9e en trois positions pour faciliter l&rsquo;utilisation par des op\u00e9rateurs de toutes tailles.<\/li>\n<\/ul>\n","protected":false},"featured_media":54050,"template":"","meta":{"_themeisle_gutenberg_block_has_review":false},"product_brand":[],"product_cat":[2306,2216],"product_tag":[],"class_list":{"0":"post-61256","1":"product","2":"type-product","3":"status-publish","4":"has-post-thumbnail","6":"product_cat-accessoires-et-equipements-fr","7":"product_cat-gazon-professionnel-et-remise-en-etat-fr","9":"first","10":"instock","11":"shipping-taxable","12":"product-type-simple","13":"customify-col"},"_links":{"self":[{"href":"https:\/\/brettyoung.ca\/fr\/wp-json\/wp\/v2\/product\/61256","targetHints":{"allow":["GET"]}}],"collection":[{"href":"https:\/\/brettyoung.ca\/fr\/wp-json\/wp\/v2\/product"}],"about":[{"href":"https:\/\/brettyoung.ca\/fr\/wp-json\/wp\/v2\/types\/product"}],"wp:featuredmedia":[{"embeddable":true,"href":"https:\/\/brettyoung.ca\/fr\/wp-json\/wp\/v2\/media\/54050"}],"wp:attachment":[{"href":"https:\/\/brettyoung.ca\/fr\/wp-json\/wp\/v2\/media?parent=61256"}],"wp:term":[{"taxonomy":"product_brand","embeddable":true,"href":"https:\/\/brettyoung.ca\/fr\/wp-json\/wp\/v2\/product_brand?post=61256"},{"taxonomy":"product_cat","embeddable":true,"href":"https:\/\/brettyoung.ca\/fr\/wp-json\/wp\/v2\/product_cat?post=61256"},{"taxonomy":"product_tag","embeddable":true,"href":"https:\/\/brettyoung.ca\/fr\/wp-json\/wp\/v2\/product_tag?post=61256"}],"curies":[{"name":"wp","href":"https:\/\/api.w.org\/{rel}","templated":true}]}}