{"id":61255,"date":"2021-02-17T10:38:11","date_gmt":"2021-02-17T16:38:11","guid":{"rendered":"https:\/\/brettyoung.ca\/product\/affirm\/"},"modified":"2025-03-11T09:16:28","modified_gmt":"2025-03-11T14:16:28","slug":"affirm","status":"publish","type":"product","link":"https:\/\/brettyoung.ca\/fr\/product\/affirm\/","title":{"rendered":"Quicksilver"},"content":{"rendered":"<p>          <strong>MALADIES CONTR\u00d4L\u00c9ES  <\/strong><\/p>\n<table width=\"747\">\n<tbody>\n<tr>\n<td width=\"245\"><strong>Maladie<\/strong><\/td>\n<td width=\"251\"><strong>Taux <\/strong>(par 100<sup>m2)<\/sup><\/td>\n<td width=\"251\"><strong>Intervalle d&rsquo;application<\/strong><\/td>\n<\/tr>\n<tr>\n<td width=\"245\">Anthracnose foliaire<\/td>\n<td width=\"251\">27 gm<\/td>\n<td width=\"251\">14 jours<\/td>\n<\/tr>\n<tr>\n<td width=\"245\">Pourriture basale Anthracnose<\/td>\n<td width=\"251\">27 gm<\/td>\n<td width=\"251\">14 jours<\/td>\n<\/tr>\n<tr>\n<td width=\"245\">Patch marron<\/td>\n<td width=\"251\">27 gm<\/td>\n<td width=\"251\">14 jours<\/td>\n<\/tr>\n<tr>\n<td width=\"245\">Tache foliaire<\/td>\n<td width=\"251\">27 gm<\/td>\n<td width=\"251\">14 jours<\/td>\n<\/tr>\n<tr>\n<td width=\"245\">Moule \u00e0 neige rose<\/td>\n<td width=\"251\">27 gm<\/td>\n<td width=\"251\">21 jours<\/td>\n<\/tr>\n<tr>\n<td width=\"245\">Moule \u00e0 neige gris<\/td>\n<td width=\"251\">27 gm<\/td>\n<td width=\"251\">21 jours<\/td>\n<\/tr>\n<\/tbody>\n<\/table>\n","protected":false},"excerpt":{"rendered":"<ul>\n<li data-start=\"0\" data-end=\"51\">Herbicide efficace et s\u00fbr pour la mousse \u00e0 filaments argent\u00e9s<\/li>\n<li data-start=\"52\" data-end=\"80\">Sympt\u00f4mes du d\u00e9p\u00e9rissement rapide des mousses<\/li>\n<li data-start=\"81\" data-end=\"121\" data-is-last-node=\"\">Taux d&rsquo;utilisation flexible pour une int\u00e9gration facile<\/li>\n<\/ul>\n","protected":false},"featured_media":65802,"template":"","meta":{"_themeisle_gutenberg_block_has_review":false},"product_brand":[],"product_cat":[2236,2216,2235],"product_tag":[],"class_list":{"0":"post-61255","1":"product","2":"type-product","3":"status-publish","4":"has-post-thumbnail","6":"product_cat-fongicides-fr-2","7":"product_cat-gazon-professionnel-et-remise-en-etat-fr","8":"product_cat-produit-de-controle-fr","10":"first","11":"instock","12":"shipping-taxable","13":"product-type-simple","14":"customify-col"},"_links":{"self":[{"href":"https:\/\/brettyoung.ca\/fr\/wp-json\/wp\/v2\/product\/61255","targetHints":{"allow":["GET"]}}],"collection":[{"href":"https:\/\/brettyoung.ca\/fr\/wp-json\/wp\/v2\/product"}],"about":[{"href":"https:\/\/brettyoung.ca\/fr\/wp-json\/wp\/v2\/types\/product"}],"wp:featuredmedia":[{"embeddable":true,"href":"https:\/\/brettyoung.ca\/fr\/wp-json\/wp\/v2\/media\/65802"}],"wp:attachment":[{"href":"https:\/\/brettyoung.ca\/fr\/wp-json\/wp\/v2\/media?parent=61255"}],"wp:term":[{"taxonomy":"product_brand","embeddable":true,"href":"https:\/\/brettyoung.ca\/fr\/wp-json\/wp\/v2\/product_brand?post=61255"},{"taxonomy":"product_cat","embeddable":true,"href":"https:\/\/brettyoung.ca\/fr\/wp-json\/wp\/v2\/product_cat?post=61255"},{"taxonomy":"product_tag","embeddable":true,"href":"https:\/\/brettyoung.ca\/fr\/wp-json\/wp\/v2\/product_tag?post=61255"}],"curies":[{"name":"wp","href":"https:\/\/api.w.org\/{rel}","templated":true}]}}