{"id":61250,"date":"2021-02-12T08:00:05","date_gmt":"2021-02-12T14:00:05","guid":{"rendered":"https:\/\/brettyoung.ca\/product\/spiker-seeder\/"},"modified":"2025-01-19T20:23:10","modified_gmt":"2025-01-20T02:23:10","slug":"spiker-seeder","status":"publish","type":"product","link":"https:\/\/brettyoung.ca\/fr\/product\/spiker-seeder\/","title":{"rendered":"Spiker Seeder"},"content":{"rendered":"","protected":false},"excerpt":{"rendered":"<ul>\n<li>Une utilisation plus efficace de l&rsquo;eau<\/li>\n<li>Am\u00e9liore le drainage, r\u00e9sout les probl\u00e8mes de s\u00e9cheresse<\/li>\n<li>La percolation et l&rsquo;ameublissement du sol favorisent la sant\u00e9 du gazon.<\/li>\n<\/ul>\n","protected":false},"featured_media":54133,"template":"","meta":{"_themeisle_gutenberg_block_has_review":false},"product_brand":[],"product_cat":[2306,2216],"product_tag":[],"class_list":{"0":"post-61250","1":"product","2":"type-product","3":"status-publish","4":"has-post-thumbnail","6":"product_cat-accessoires-et-equipements-fr","7":"product_cat-gazon-professionnel-et-remise-en-etat-fr","9":"first","10":"instock","11":"shipping-taxable","12":"product-type-simple","13":"customify-col"},"_links":{"self":[{"href":"https:\/\/brettyoung.ca\/fr\/wp-json\/wp\/v2\/product\/61250","targetHints":{"allow":["GET"]}}],"collection":[{"href":"https:\/\/brettyoung.ca\/fr\/wp-json\/wp\/v2\/product"}],"about":[{"href":"https:\/\/brettyoung.ca\/fr\/wp-json\/wp\/v2\/types\/product"}],"wp:featuredmedia":[{"embeddable":true,"href":"https:\/\/brettyoung.ca\/fr\/wp-json\/wp\/v2\/media\/54133"}],"wp:attachment":[{"href":"https:\/\/brettyoung.ca\/fr\/wp-json\/wp\/v2\/media?parent=61250"}],"wp:term":[{"taxonomy":"product_brand","embeddable":true,"href":"https:\/\/brettyoung.ca\/fr\/wp-json\/wp\/v2\/product_brand?post=61250"},{"taxonomy":"product_cat","embeddable":true,"href":"https:\/\/brettyoung.ca\/fr\/wp-json\/wp\/v2\/product_cat?post=61250"},{"taxonomy":"product_tag","embeddable":true,"href":"https:\/\/brettyoung.ca\/fr\/wp-json\/wp\/v2\/product_tag?post=61250"}],"curies":[{"name":"wp","href":"https:\/\/api.w.org\/{rel}","templated":true}]}}