{"id":61249,"date":"2022-08-02T09:35:57","date_gmt":"2022-08-02T14:35:57","guid":{"rendered":"https:\/\/brettyoung.ca\/product\/8-16-16\/"},"modified":"2025-06-25T13:38:06","modified_gmt":"2025-06-25T18:38:06","slug":"8-16-16","status":"publish","type":"product","link":"https:\/\/brettyoung.ca\/fr\/product\/8-16-16\/","title":{"rendered":"8-16-16"},"content":{"rendered":"<p>          <strong>UTILISATION DU PRODUIT<\/strong><\/p>\n<table width=\"747\">\n<tbody>\n<tr>\n<td width=\"245\"><strong>Utilisation pr\u00e9vue<\/strong><\/td>\n<td width=\"251\"><strong>Saison<\/strong><\/td>\n<td width=\"251\"><strong>Source \u00e0 lib\u00e9ration lente<\/strong><\/td>\n<\/tr>\n<tr>\n<td width=\"245\">Verts\/Tees<\/td>\n<td width=\"251\">Toutes saisons (Est), Printemps\/\u00c9t\u00e9 (Ouest)<\/td>\n<td width=\"251\">IBDU Produits biologiques \u00e0 base de plantes<\/td>\n<\/tr>\n<\/tbody>\n<\/table>\n","protected":false},"excerpt":{"rendered":"<ul>\n<li>Dispersion rapide dans la canop\u00e9e<\/li>\n<li>Formulation \u00e9quilibr\u00e9e pour les applications de d\u00e9marrage<\/li>\n<li>Du calcium suppl\u00e9mentaire pour des plantes plus fortes<\/li>\n<\/ul>\n","protected":false},"featured_media":53021,"template":"","meta":{"_themeisle_gutenberg_block_has_review":false},"product_brand":[],"product_cat":[2333,2394,2216,2383],"product_tag":[],"class_list":{"0":"post-61249","1":"product","2":"type-product","3":"status-publish","4":"has-post-thumbnail","6":"product_cat-engrais-fr","7":"product_cat-exportation-dengrais-fr-2","8":"product_cat-gazon-professionnel-et-remise-en-etat-fr","9":"product_cat-granulaire-fr","11":"first","12":"instock","13":"shipping-taxable","14":"product-type-simple","15":"customify-col"},"_links":{"self":[{"href":"https:\/\/brettyoung.ca\/fr\/wp-json\/wp\/v2\/product\/61249","targetHints":{"allow":["GET"]}}],"collection":[{"href":"https:\/\/brettyoung.ca\/fr\/wp-json\/wp\/v2\/product"}],"about":[{"href":"https:\/\/brettyoung.ca\/fr\/wp-json\/wp\/v2\/types\/product"}],"wp:featuredmedia":[{"embeddable":true,"href":"https:\/\/brettyoung.ca\/fr\/wp-json\/wp\/v2\/media\/53021"}],"wp:attachment":[{"href":"https:\/\/brettyoung.ca\/fr\/wp-json\/wp\/v2\/media?parent=61249"}],"wp:term":[{"taxonomy":"product_brand","embeddable":true,"href":"https:\/\/brettyoung.ca\/fr\/wp-json\/wp\/v2\/product_brand?post=61249"},{"taxonomy":"product_cat","embeddable":true,"href":"https:\/\/brettyoung.ca\/fr\/wp-json\/wp\/v2\/product_cat?post=61249"},{"taxonomy":"product_tag","embeddable":true,"href":"https:\/\/brettyoung.ca\/fr\/wp-json\/wp\/v2\/product_tag?post=61249"}],"curies":[{"name":"wp","href":"https:\/\/api.w.org\/{rel}","templated":true}]}}