{"id":61246,"date":"2021-02-17T10:41:30","date_gmt":"2021-02-17T16:41:30","guid":{"rendered":"https:\/\/brettyoung.ca\/product\/exteris-stressgard-le-systeme-de-protection-contre-le-stress\/"},"modified":"2025-01-19T20:23:34","modified_gmt":"2025-01-20T02:23:34","slug":"exteris-stressgard-le-systeme-de-protection-contre-le-stress","status":"publish","type":"product","link":"https:\/\/brettyoung.ca\/fr\/product\/exteris-stressgard-le-systeme-de-protection-contre-le-stress\/","title":{"rendered":"Exteris\u2122 Stressgard\u00ae &#8211; Le syst\u00e8me de protection contre le stress"},"content":{"rendered":"<p>          <strong>MALADIES CONTR\u00d4L\u00c9ES  <\/strong><\/p>\n<table width=\"747\">\n<tbody>\n<tr>\n<td width=\"245\"><strong>Maladie<\/strong><\/td>\n<td width=\"251\"><strong>Taux <\/strong>(par 100<sup>m2)<\/sup><\/td>\n<td width=\"251\"><strong>Intervalle d&rsquo;application<\/strong><\/td>\n<\/tr>\n<tr>\n<td width=\"245\">Patch brun<\/td>\n<td width=\"251\">140-200 ml<\/td>\n<td width=\"251\">14-21 jours<\/td>\n<\/tr>\n<tr>\n<td width=\"245\">Dollar Spot<\/td>\n<td width=\"251\">140-200 ml<\/td>\n<td width=\"251\">14-21 jours (greens et tees) 21-28 (fairways)<\/td>\n<\/tr>\n<tr>\n<td width=\"245\">Tache foliaire<\/td>\n<td width=\"251\">140-200 ml<\/td>\n<td width=\"251\">14-21 jours<\/td>\n<\/tr>\n<\/tbody>\n<\/table>\n","protected":false},"excerpt":{"rendered":"<ul>\n<li>Technologie de formulation doublement empil\u00e9e<\/li>\n<li>Excellente ma\u00eetrise de la br\u00fblure en plaques \u00e0 21 et 28 jours<\/li>\n<li>Am\u00e9lioration de la sant\u00e9 des plantes et de la qualit\u00e9 du gazon<\/li>\n<\/ul>\n","protected":false},"featured_media":54127,"template":"","meta":{"_themeisle_gutenberg_block_has_review":false},"product_brand":[],"product_cat":[2236,2216,2235],"product_tag":[],"class_list":{"0":"post-61246","1":"product","2":"type-product","3":"status-publish","4":"has-post-thumbnail","6":"product_cat-fongicides-fr-2","7":"product_cat-gazon-professionnel-et-remise-en-etat-fr","8":"product_cat-produit-de-controle-fr","10":"first","11":"instock","12":"shipping-taxable","13":"product-type-simple","14":"customify-col"},"_links":{"self":[{"href":"https:\/\/brettyoung.ca\/fr\/wp-json\/wp\/v2\/product\/61246","targetHints":{"allow":["GET"]}}],"collection":[{"href":"https:\/\/brettyoung.ca\/fr\/wp-json\/wp\/v2\/product"}],"about":[{"href":"https:\/\/brettyoung.ca\/fr\/wp-json\/wp\/v2\/types\/product"}],"wp:featuredmedia":[{"embeddable":true,"href":"https:\/\/brettyoung.ca\/fr\/wp-json\/wp\/v2\/media\/54127"}],"wp:attachment":[{"href":"https:\/\/brettyoung.ca\/fr\/wp-json\/wp\/v2\/media?parent=61246"}],"wp:term":[{"taxonomy":"product_brand","embeddable":true,"href":"https:\/\/brettyoung.ca\/fr\/wp-json\/wp\/v2\/product_brand?post=61246"},{"taxonomy":"product_cat","embeddable":true,"href":"https:\/\/brettyoung.ca\/fr\/wp-json\/wp\/v2\/product_cat?post=61246"},{"taxonomy":"product_tag","embeddable":true,"href":"https:\/\/brettyoung.ca\/fr\/wp-json\/wp\/v2\/product_tag?post=61246"}],"curies":[{"name":"wp","href":"https:\/\/api.w.org\/{rel}","templated":true}]}}