{"id":61243,"date":"2021-02-17T10:34:53","date_gmt":"2021-02-17T16:34:53","guid":{"rendered":"https:\/\/brettyoung.ca\/product\/tourney\/"},"modified":"2025-06-25T13:36:39","modified_gmt":"2025-06-25T18:36:39","slug":"tourney","status":"publish","type":"product","link":"https:\/\/brettyoung.ca\/fr\/product\/tourney\/","title":{"rendered":"Tourney"},"content":{"rendered":"","protected":false},"excerpt":{"rendered":"<ul>\n<li>L&rsquo;activit\u00e9 syst\u00e9mique agit rapidement pour contr\u00f4ler un large spectre de maladies du gazon les plus tenaces.<\/li>\n<li>Un fongicide de nouvelle g\u00e9n\u00e9ration pour une qualit\u00e9 de gazon exceptionnelle<\/li>\n<li>Les faibles taux d&rsquo;utilisation r\u00e9duisent la charge environnementale<\/li>\n<\/ul>\n","protected":false},"featured_media":53336,"template":"","meta":{"_themeisle_gutenberg_block_has_review":false},"product_brand":[],"product_cat":[2236,2216,2235],"product_tag":[],"class_list":{"0":"post-61243","1":"product","2":"type-product","3":"status-publish","4":"has-post-thumbnail","6":"product_cat-fongicides-fr-2","7":"product_cat-gazon-professionnel-et-remise-en-etat-fr","8":"product_cat-produit-de-controle-fr","10":"first","11":"instock","12":"shipping-taxable","13":"product-type-simple","14":"customify-col"},"_links":{"self":[{"href":"https:\/\/brettyoung.ca\/fr\/wp-json\/wp\/v2\/product\/61243","targetHints":{"allow":["GET"]}}],"collection":[{"href":"https:\/\/brettyoung.ca\/fr\/wp-json\/wp\/v2\/product"}],"about":[{"href":"https:\/\/brettyoung.ca\/fr\/wp-json\/wp\/v2\/types\/product"}],"wp:featuredmedia":[{"embeddable":true,"href":"https:\/\/brettyoung.ca\/fr\/wp-json\/wp\/v2\/media\/53336"}],"wp:attachment":[{"href":"https:\/\/brettyoung.ca\/fr\/wp-json\/wp\/v2\/media?parent=61243"}],"wp:term":[{"taxonomy":"product_brand","embeddable":true,"href":"https:\/\/brettyoung.ca\/fr\/wp-json\/wp\/v2\/product_brand?post=61243"},{"taxonomy":"product_cat","embeddable":true,"href":"https:\/\/brettyoung.ca\/fr\/wp-json\/wp\/v2\/product_cat?post=61243"},{"taxonomy":"product_tag","embeddable":true,"href":"https:\/\/brettyoung.ca\/fr\/wp-json\/wp\/v2\/product_tag?post=61243"}],"curies":[{"name":"wp","href":"https:\/\/api.w.org\/{rel}","templated":true}]}}