{"id":61240,"date":"2021-02-17T10:28:46","date_gmt":"2021-02-17T16:28:46","guid":{"rendered":"https:\/\/brettyoung.ca\/product\/maxtima-la\/"},"modified":"2025-01-19T20:22:28","modified_gmt":"2025-01-20T02:22:28","slug":"maxtima-la","status":"publish","type":"product","link":"https:\/\/brettyoung.ca\/fr\/product\/maxtima-la\/","title":{"rendered":"Maxtima\u00ae &#8211; La"},"content":{"rendered":"<p>          <strong>MALADIES CONTR\u00d4L\u00c9ES  <\/strong><\/p>\n<table width=\"747\">\n<tbody>\n<tr>\n<td width=\"245\"><strong>Maladie<\/strong><\/td>\n<td width=\"251\"><strong>Taux <\/strong>(par 100<sup>m2)<\/sup><\/td>\n<td width=\"251\"><strong>Intervalle d&rsquo;application<\/strong><\/td>\n<\/tr>\n<tr>\n<td width=\"245\">Anthracnose foliaire<\/td>\n<td width=\"251\">6,25 ml<\/td>\n<td width=\"251\">14-21 jours<\/td>\n<\/tr>\n<tr>\n<td width=\"245\">Pourriture basale Anthracnose<\/td>\n<td width=\"251\">6,25 ml<\/td>\n<td width=\"251\">14-21 jours<\/td>\n<\/tr>\n<tr>\n<td width=\"245\">Patch brun<\/td>\n<td width=\"251\">25 ml<\/td>\n<td width=\"251\">14 jours<\/td>\n<\/tr>\n<tr>\n<td width=\"245\">Dollar Spot<\/td>\n<td width=\"251\">6,25 ml<\/td>\n<td width=\"251\">14-28 jours<\/td>\n<\/tr>\n<tr>\n<td width=\"245\">Patch Microdochium<\/td>\n<td width=\"251\">12,5-25 ml<\/td>\n<td width=\"251\">1 application avant l&rsquo;enneigement<\/td>\n<\/tr>\n<tr>\n<td width=\"245\">Patch Take All<\/td>\n<td width=\"251\">12,5 ml<\/td>\n<td width=\"251\">28 jours<\/td>\n<\/tr>\n<tr>\n<td width=\"245\">Moule \u00e0 neige rose<\/td>\n<td width=\"251\">12,5-25 ml<\/td>\n<td width=\"251\">1 application avant l&rsquo;enneigement<\/td>\n<\/tr>\n<tr>\n<td width=\"245\">Moule \u00e0 neige gris<\/td>\n<td width=\"251\">12,5-25 ml<\/td>\n<td width=\"251\">1 application avant l&rsquo;enneigement<\/td>\n<\/tr>\n<\/tbody>\n<\/table>\n","protected":false},"excerpt":{"rendered":"<ul>\n<li>S\u00e9curit\u00e9 avanc\u00e9e pour les pelouses, quel que soit le type de pelouse, quelle que soit la saison<\/li>\n<li>Contr\u00f4le sup\u00e9rieur de la br\u00fblure en plaques, de la br\u00fblure morte au printemps, de l&rsquo;anthracnose, de l&rsquo;anneau de f\u00e9e et de la tache d&rsquo;\u00e9t\u00e9.<\/li>\n<li>Nouvelle activit\u00e9 de liaison pour contr\u00f4ler les biotypes susceptibles d&rsquo;avoir d\u00e9velopp\u00e9 une r\u00e9sistance \u00e0 d&rsquo;autres fongicides DMI<\/li>\n<\/ul>\n","protected":false},"featured_media":53351,"template":"","meta":{"_themeisle_gutenberg_block_has_review":false},"product_brand":[],"product_cat":[2236,2216,2235],"product_tag":[],"class_list":{"0":"post-61240","1":"product","2":"type-product","3":"status-publish","4":"has-post-thumbnail","6":"product_cat-fongicides-fr-2","7":"product_cat-gazon-professionnel-et-remise-en-etat-fr","8":"product_cat-produit-de-controle-fr","10":"first","11":"instock","12":"shipping-taxable","13":"product-type-simple","14":"customify-col"},"_links":{"self":[{"href":"https:\/\/brettyoung.ca\/fr\/wp-json\/wp\/v2\/product\/61240","targetHints":{"allow":["GET"]}}],"collection":[{"href":"https:\/\/brettyoung.ca\/fr\/wp-json\/wp\/v2\/product"}],"about":[{"href":"https:\/\/brettyoung.ca\/fr\/wp-json\/wp\/v2\/types\/product"}],"wp:featuredmedia":[{"embeddable":true,"href":"https:\/\/brettyoung.ca\/fr\/wp-json\/wp\/v2\/media\/53351"}],"wp:attachment":[{"href":"https:\/\/brettyoung.ca\/fr\/wp-json\/wp\/v2\/media?parent=61240"}],"wp:term":[{"taxonomy":"product_brand","embeddable":true,"href":"https:\/\/brettyoung.ca\/fr\/wp-json\/wp\/v2\/product_brand?post=61240"},{"taxonomy":"product_cat","embeddable":true,"href":"https:\/\/brettyoung.ca\/fr\/wp-json\/wp\/v2\/product_cat?post=61240"},{"taxonomy":"product_tag","embeddable":true,"href":"https:\/\/brettyoung.ca\/fr\/wp-json\/wp\/v2\/product_tag?post=61240"}],"curies":[{"name":"wp","href":"https:\/\/api.w.org\/{rel}","templated":true}]}}