{"id":61239,"date":"2021-02-17T10:53:42","date_gmt":"2021-02-17T16:53:42","guid":{"rendered":"https:\/\/brettyoung.ca\/product\/xzemplar\/"},"modified":"2025-01-19T20:22:27","modified_gmt":"2025-01-20T02:22:27","slug":"xzemplar","status":"publish","type":"product","link":"https:\/\/brettyoung.ca\/fr\/product\/xzemplar\/","title":{"rendered":"Xzemplar"},"content":{"rendered":"<p>          <strong>MALADIES CONTR\u00d4L\u00c9ES  <\/strong><\/p>\n<table width=\"747\">\n<tbody>\n<tr>\n<td width=\"245\"><strong>Maladie<\/strong><\/td>\n<td width=\"251\"><strong>Taux <\/strong>(par 100<sup>m2)<\/sup><\/td>\n<td width=\"251\"><strong>Intervalle d&rsquo;application<\/strong><\/td>\n<\/tr>\n<tr>\n<td width=\"245\">Dollar Spot<\/td>\n<td width=\"251\">6,7-8,3 ml<\/td>\n<td width=\"251\">14-28 jours<\/td>\n<\/tr>\n<\/tbody>\n<\/table>\n<p>          <strong> <\/strong><\/p>\n","protected":false},"excerpt":{"rendered":"<ul>\n<li>Propri\u00e9t\u00e9s pr\u00e9ventives et curatives pour garantir des fairways, tees et greens exempts de dollar-spot.<\/li>\n<li>Les r\u00e9sidus les plus longs de l&rsquo;industrie &#8211; jusqu&rsquo;\u00e0 28 jours<\/li>\n<li>Les pigments se m\u00e9langent facilement pour donner au gazon l&rsquo;aspect d\u00e9sir\u00e9<\/li>\n<\/ul>\n","protected":false},"featured_media":53336,"template":"","meta":{"_themeisle_gutenberg_block_has_review":false},"product_brand":[],"product_cat":[2236,2216,2235],"product_tag":[],"class_list":{"0":"post-61239","1":"product","2":"type-product","3":"status-publish","4":"has-post-thumbnail","6":"product_cat-fongicides-fr-2","7":"product_cat-gazon-professionnel-et-remise-en-etat-fr","8":"product_cat-produit-de-controle-fr","10":"first","11":"instock","12":"shipping-taxable","13":"product-type-simple","14":"customify-col"},"_links":{"self":[{"href":"https:\/\/brettyoung.ca\/fr\/wp-json\/wp\/v2\/product\/61239","targetHints":{"allow":["GET"]}}],"collection":[{"href":"https:\/\/brettyoung.ca\/fr\/wp-json\/wp\/v2\/product"}],"about":[{"href":"https:\/\/brettyoung.ca\/fr\/wp-json\/wp\/v2\/types\/product"}],"wp:featuredmedia":[{"embeddable":true,"href":"https:\/\/brettyoung.ca\/fr\/wp-json\/wp\/v2\/media\/53336"}],"wp:attachment":[{"href":"https:\/\/brettyoung.ca\/fr\/wp-json\/wp\/v2\/media?parent=61239"}],"wp:term":[{"taxonomy":"product_brand","embeddable":true,"href":"https:\/\/brettyoung.ca\/fr\/wp-json\/wp\/v2\/product_brand?post=61239"},{"taxonomy":"product_cat","embeddable":true,"href":"https:\/\/brettyoung.ca\/fr\/wp-json\/wp\/v2\/product_cat?post=61239"},{"taxonomy":"product_tag","embeddable":true,"href":"https:\/\/brettyoung.ca\/fr\/wp-json\/wp\/v2\/product_tag?post=61239"}],"curies":[{"name":"wp","href":"https:\/\/api.w.org\/{rel}","templated":true}]}}