{"id":61237,"date":"2023-07-06T12:06:50","date_gmt":"2023-07-06T17:06:50","guid":{"rendered":"https:\/\/brettyoung.ca\/product\/22-4-20-quantum-turf-balance\/"},"modified":"2025-06-25T13:40:51","modified_gmt":"2025-06-25T18:40:51","slug":"22-4-20-quantum-turf-balance","status":"publish","type":"product","link":"https:\/\/brettyoung.ca\/fr\/product\/22-4-20-quantum-turf-balance\/","title":{"rendered":"22-4-20 Quantum Turf Balance"},"content":{"rendered":"","protected":false},"excerpt":{"rendered":"<ul>\n<li>Formulation \u00e9quilibr\u00e9e pour une nutrition ad\u00e9quate<\/li>\n<li>Paquet complet de nutriments secondaires et de micronutriments<\/li>\n<\/ul>\n","protected":false},"featured_media":55081,"template":"","meta":{"_themeisle_gutenberg_block_has_review":false},"product_brand":[],"product_cat":[2333,2349,2216,2383],"product_tag":[],"class_list":{"0":"post-61237","1":"product","2":"type-product","3":"status-publish","4":"has-post-thumbnail","6":"product_cat-engrais-fr","7":"product_cat-engrais-de-recuperation-fr","8":"product_cat-gazon-professionnel-et-remise-en-etat-fr","9":"product_cat-granulaire-fr","11":"first","12":"instock","13":"shipping-taxable","14":"product-type-simple","15":"customify-col"},"_links":{"self":[{"href":"https:\/\/brettyoung.ca\/fr\/wp-json\/wp\/v2\/product\/61237","targetHints":{"allow":["GET"]}}],"collection":[{"href":"https:\/\/brettyoung.ca\/fr\/wp-json\/wp\/v2\/product"}],"about":[{"href":"https:\/\/brettyoung.ca\/fr\/wp-json\/wp\/v2\/types\/product"}],"wp:featuredmedia":[{"embeddable":true,"href":"https:\/\/brettyoung.ca\/fr\/wp-json\/wp\/v2\/media\/55081"}],"wp:attachment":[{"href":"https:\/\/brettyoung.ca\/fr\/wp-json\/wp\/v2\/media?parent=61237"}],"wp:term":[{"taxonomy":"product_brand","embeddable":true,"href":"https:\/\/brettyoung.ca\/fr\/wp-json\/wp\/v2\/product_brand?post=61237"},{"taxonomy":"product_cat","embeddable":true,"href":"https:\/\/brettyoung.ca\/fr\/wp-json\/wp\/v2\/product_cat?post=61237"},{"taxonomy":"product_tag","embeddable":true,"href":"https:\/\/brettyoung.ca\/fr\/wp-json\/wp\/v2\/product_tag?post=61237"}],"curies":[{"name":"wp","href":"https:\/\/api.w.org\/{rel}","templated":true}]}}