{"id":61234,"date":"2023-07-06T11:43:54","date_gmt":"2023-07-06T16:43:54","guid":{"rendered":"https:\/\/brettyoung.ca\/product\/25-5-10-65-xcu-0-11-fe-wolf-trax-ddp\/"},"modified":"2025-06-25T13:41:53","modified_gmt":"2025-06-25T18:41:53","slug":"25-5-10-65-xcu-0-11-fe-wolf-trax-ddp","status":"publish","type":"product","link":"https:\/\/brettyoung.ca\/fr\/product\/25-5-10-65-xcu-0-11-fe-wolf-trax-ddp\/","title":{"rendered":"25-5-10 65% XCU, 0.11% Fe Wolf Trax DDP"},"content":{"rendered":"","protected":false},"excerpt":{"rendered":"<ul>\n<li>SGN 240<\/li>\n<li>Engrais d&rsquo;entretien id\u00e9al pour les sols \u00e9quilibr\u00e9s<\/li>\n<li>Technologie du fer avec Wolf Trax DDP<\/li>\n<\/ul>\n","protected":false},"featured_media":53510,"template":"","meta":{"_themeisle_gutenberg_block_has_review":false},"product_brand":[],"product_cat":[2333,2349,2216,2383],"product_tag":[],"class_list":{"0":"post-61234","1":"product","2":"type-product","3":"status-publish","4":"has-post-thumbnail","6":"product_cat-engrais-fr","7":"product_cat-engrais-de-recuperation-fr","8":"product_cat-gazon-professionnel-et-remise-en-etat-fr","9":"product_cat-granulaire-fr","11":"first","12":"instock","13":"shipping-taxable","14":"product-type-simple","15":"customify-col"},"_links":{"self":[{"href":"https:\/\/brettyoung.ca\/fr\/wp-json\/wp\/v2\/product\/61234","targetHints":{"allow":["GET"]}}],"collection":[{"href":"https:\/\/brettyoung.ca\/fr\/wp-json\/wp\/v2\/product"}],"about":[{"href":"https:\/\/brettyoung.ca\/fr\/wp-json\/wp\/v2\/types\/product"}],"wp:featuredmedia":[{"embeddable":true,"href":"https:\/\/brettyoung.ca\/fr\/wp-json\/wp\/v2\/media\/53510"}],"wp:attachment":[{"href":"https:\/\/brettyoung.ca\/fr\/wp-json\/wp\/v2\/media?parent=61234"}],"wp:term":[{"taxonomy":"product_brand","embeddable":true,"href":"https:\/\/brettyoung.ca\/fr\/wp-json\/wp\/v2\/product_brand?post=61234"},{"taxonomy":"product_cat","embeddable":true,"href":"https:\/\/brettyoung.ca\/fr\/wp-json\/wp\/v2\/product_cat?post=61234"},{"taxonomy":"product_tag","embeddable":true,"href":"https:\/\/brettyoung.ca\/fr\/wp-json\/wp\/v2\/product_tag?post=61234"}],"curies":[{"name":"wp","href":"https:\/\/api.w.org\/{rel}","templated":true}]}}