{"id":61232,"date":"2023-07-06T11:22:39","date_gmt":"2023-07-06T16:22:39","guid":{"rendered":"https:\/\/brettyoung.ca\/product\/26-4-10-75-ttru-2-fe-2mn-sop\/"},"modified":"2025-06-25T13:41:04","modified_gmt":"2025-06-25T18:41:04","slug":"26-4-10-75-ttru-2-fe-2mn-sop","status":"publish","type":"product","link":"https:\/\/brettyoung.ca\/fr\/product\/26-4-10-75-ttru-2-fe-2mn-sop\/","title":{"rendered":"26-4-10 75% TTRU, 2% Fe, 2%Mn, SOP"},"content":{"rendered":"","protected":false},"excerpt":{"rendered":"<ul>\n<li>Produit azot\u00e9 \u00e0 lib\u00e9ration contr\u00f4l\u00e9e avec TTRU<\/li>\n<li>Rev\u00eatement polym\u00e8re \u00e9prouv\u00e9 pour une lib\u00e9ration fiable de l&rsquo;azote<\/li>\n<li>Ajout de fer et de mangan\u00e8se pour une couleur vert fonc\u00e9<\/li>\n<\/ul>\n","protected":false},"featured_media":53510,"template":"","meta":{"_themeisle_gutenberg_block_has_review":false},"product_brand":[],"product_cat":[2333,2349,2216,2383],"product_tag":[],"class_list":{"0":"post-61232","1":"product","2":"type-product","3":"status-publish","4":"has-post-thumbnail","6":"product_cat-engrais-fr","7":"product_cat-engrais-de-recuperation-fr","8":"product_cat-gazon-professionnel-et-remise-en-etat-fr","9":"product_cat-granulaire-fr","11":"first","12":"instock","13":"shipping-taxable","14":"product-type-simple","15":"customify-col"},"_links":{"self":[{"href":"https:\/\/brettyoung.ca\/fr\/wp-json\/wp\/v2\/product\/61232","targetHints":{"allow":["GET"]}}],"collection":[{"href":"https:\/\/brettyoung.ca\/fr\/wp-json\/wp\/v2\/product"}],"about":[{"href":"https:\/\/brettyoung.ca\/fr\/wp-json\/wp\/v2\/types\/product"}],"wp:featuredmedia":[{"embeddable":true,"href":"https:\/\/brettyoung.ca\/fr\/wp-json\/wp\/v2\/media\/53510"}],"wp:attachment":[{"href":"https:\/\/brettyoung.ca\/fr\/wp-json\/wp\/v2\/media?parent=61232"}],"wp:term":[{"taxonomy":"product_brand","embeddable":true,"href":"https:\/\/brettyoung.ca\/fr\/wp-json\/wp\/v2\/product_brand?post=61232"},{"taxonomy":"product_cat","embeddable":true,"href":"https:\/\/brettyoung.ca\/fr\/wp-json\/wp\/v2\/product_cat?post=61232"},{"taxonomy":"product_tag","embeddable":true,"href":"https:\/\/brettyoung.ca\/fr\/wp-json\/wp\/v2\/product_tag?post=61232"}],"curies":[{"name":"wp","href":"https:\/\/api.w.org\/{rel}","templated":true}]}}