{"id":61230,"date":"2023-07-06T11:30:47","date_gmt":"2023-07-06T16:30:47","guid":{"rendered":"https:\/\/brettyoung.ca\/product\/16-0-31-50-ttru-sop\/"},"modified":"2025-06-25T13:41:13","modified_gmt":"2025-06-25T18:41:13","slug":"16-0-31-50-ttru-sop","status":"publish","type":"product","link":"https:\/\/brettyoung.ca\/fr\/product\/16-0-31-50-ttru-sop\/","title":{"rendered":"16-0-31 50% TTRU, SOP"},"content":{"rendered":"","protected":false},"excerpt":{"rendered":"<ul>\n<li>SGN 240<\/li>\n<li>Produit d&rsquo;azote \u00e0 lib\u00e9ration contr\u00f4l\u00e9e pr\u00e9sentant le TTRU<\/li>\n<li>Bonne source de potassium pour une meilleure sant\u00e9 des plantes en automne<\/li>\n<\/ul>\n","protected":false},"featured_media":53510,"template":"","meta":{"_themeisle_gutenberg_block_has_review":false},"product_brand":[],"product_cat":[2333,2349,2216,2383],"product_tag":[],"class_list":{"0":"post-61230","1":"product","2":"type-product","3":"status-publish","4":"has-post-thumbnail","6":"product_cat-engrais-fr","7":"product_cat-engrais-de-recuperation-fr","8":"product_cat-gazon-professionnel-et-remise-en-etat-fr","9":"product_cat-granulaire-fr","11":"first","12":"instock","13":"shipping-taxable","14":"product-type-simple","15":"customify-col"},"_links":{"self":[{"href":"https:\/\/brettyoung.ca\/fr\/wp-json\/wp\/v2\/product\/61230","targetHints":{"allow":["GET"]}}],"collection":[{"href":"https:\/\/brettyoung.ca\/fr\/wp-json\/wp\/v2\/product"}],"about":[{"href":"https:\/\/brettyoung.ca\/fr\/wp-json\/wp\/v2\/types\/product"}],"wp:featuredmedia":[{"embeddable":true,"href":"https:\/\/brettyoung.ca\/fr\/wp-json\/wp\/v2\/media\/53510"}],"wp:attachment":[{"href":"https:\/\/brettyoung.ca\/fr\/wp-json\/wp\/v2\/media?parent=61230"}],"wp:term":[{"taxonomy":"product_brand","embeddable":true,"href":"https:\/\/brettyoung.ca\/fr\/wp-json\/wp\/v2\/product_brand?post=61230"},{"taxonomy":"product_cat","embeddable":true,"href":"https:\/\/brettyoung.ca\/fr\/wp-json\/wp\/v2\/product_cat?post=61230"},{"taxonomy":"product_tag","embeddable":true,"href":"https:\/\/brettyoung.ca\/fr\/wp-json\/wp\/v2\/product_tag?post=61230"}],"curies":[{"name":"wp","href":"https:\/\/api.w.org\/{rel}","templated":true}]}}