{"id":61228,"date":"2023-05-18T17:30:52","date_gmt":"2023-05-18T22:30:52","guid":{"rendered":"https:\/\/brettyoung.ca\/product\/43-0-0-100-ttru\/"},"modified":"2025-06-25T13:39:54","modified_gmt":"2025-06-25T18:39:54","slug":"43-0-0-100-ttru","status":"publish","type":"product","link":"https:\/\/brettyoung.ca\/fr\/product\/43-0-0-100-ttru\/","title":{"rendered":"43-0-0 100% TTRU"},"content":{"rendered":"","protected":false},"excerpt":{"rendered":"<ul>\n<li>Produit azot\u00e9 \u00e0 lib\u00e9ration contr\u00f4l\u00e9e avec TTRU<\/li>\n<li>Rev\u00eatement polym\u00e8re \u00e9prouv\u00e9 pour une lib\u00e9ration fiable de l&rsquo;azote<\/li>\n<li>Rev\u00eatement durable pour maintenir une lib\u00e9ration constante des nutriments<\/li>\n<\/ul>\n","protected":false},"featured_media":53510,"template":"","meta":{"_themeisle_gutenberg_block_has_review":false},"product_brand":[],"product_cat":[2333,2349,2216,2383],"product_tag":[],"class_list":{"0":"post-61228","1":"product","2":"type-product","3":"status-publish","4":"has-post-thumbnail","6":"product_cat-engrais-fr","7":"product_cat-engrais-de-recuperation-fr","8":"product_cat-gazon-professionnel-et-remise-en-etat-fr","9":"product_cat-granulaire-fr","11":"first","12":"instock","13":"shipping-taxable","14":"product-type-simple","15":"customify-col"},"_links":{"self":[{"href":"https:\/\/brettyoung.ca\/fr\/wp-json\/wp\/v2\/product\/61228","targetHints":{"allow":["GET"]}}],"collection":[{"href":"https:\/\/brettyoung.ca\/fr\/wp-json\/wp\/v2\/product"}],"about":[{"href":"https:\/\/brettyoung.ca\/fr\/wp-json\/wp\/v2\/types\/product"}],"wp:featuredmedia":[{"embeddable":true,"href":"https:\/\/brettyoung.ca\/fr\/wp-json\/wp\/v2\/media\/53510"}],"wp:attachment":[{"href":"https:\/\/brettyoung.ca\/fr\/wp-json\/wp\/v2\/media?parent=61228"}],"wp:term":[{"taxonomy":"product_brand","embeddable":true,"href":"https:\/\/brettyoung.ca\/fr\/wp-json\/wp\/v2\/product_brand?post=61228"},{"taxonomy":"product_cat","embeddable":true,"href":"https:\/\/brettyoung.ca\/fr\/wp-json\/wp\/v2\/product_cat?post=61228"},{"taxonomy":"product_tag","embeddable":true,"href":"https:\/\/brettyoung.ca\/fr\/wp-json\/wp\/v2\/product_tag?post=61228"}],"curies":[{"name":"wp","href":"https:\/\/api.w.org\/{rel}","templated":true}]}}