{"id":61227,"date":"2023-07-06T11:27:20","date_gmt":"2023-07-06T16:27:20","guid":{"rendered":"https:\/\/brettyoung.ca\/product\/22-2-22-75-ttru-2-fe-sop-mop\/"},"modified":"2025-06-25T13:40:52","modified_gmt":"2025-06-25T18:40:52","slug":"22-2-22-75-ttru-2-fe-sop-mop","status":"publish","type":"product","link":"https:\/\/brettyoung.ca\/fr\/product\/22-2-22-75-ttru-2-fe-sop-mop\/","title":{"rendered":"22-2-22 75% TTRU, 2% Fe, SOP, MOP"},"content":{"rendered":"","protected":false},"excerpt":{"rendered":"<ul>\n<li>SGN 240<\/li>\n<li>Produit azot\u00e9 \u00e0 lib\u00e9ration contr\u00f4l\u00e9e avec TTRU<\/li>\n<li>Rapport 1:1 N:K id\u00e9al pour l&rsquo;\u00e9t\u00e9 et l&rsquo;automne<\/li>\n<\/ul>\n","protected":false},"featured_media":53510,"template":"","meta":{"_themeisle_gutenberg_block_has_review":false},"product_brand":[],"product_cat":[2333,2349,2216,2383],"product_tag":[],"class_list":{"0":"post-61227","1":"product","2":"type-product","3":"status-publish","4":"has-post-thumbnail","6":"product_cat-engrais-fr","7":"product_cat-engrais-de-recuperation-fr","8":"product_cat-gazon-professionnel-et-remise-en-etat-fr","9":"product_cat-granulaire-fr","11":"first","12":"instock","13":"shipping-taxable","14":"product-type-simple","15":"customify-col"},"_links":{"self":[{"href":"https:\/\/brettyoung.ca\/fr\/wp-json\/wp\/v2\/product\/61227","targetHints":{"allow":["GET"]}}],"collection":[{"href":"https:\/\/brettyoung.ca\/fr\/wp-json\/wp\/v2\/product"}],"about":[{"href":"https:\/\/brettyoung.ca\/fr\/wp-json\/wp\/v2\/types\/product"}],"wp:featuredmedia":[{"embeddable":true,"href":"https:\/\/brettyoung.ca\/fr\/wp-json\/wp\/v2\/media\/53510"}],"wp:attachment":[{"href":"https:\/\/brettyoung.ca\/fr\/wp-json\/wp\/v2\/media?parent=61227"}],"wp:term":[{"taxonomy":"product_brand","embeddable":true,"href":"https:\/\/brettyoung.ca\/fr\/wp-json\/wp\/v2\/product_brand?post=61227"},{"taxonomy":"product_cat","embeddable":true,"href":"https:\/\/brettyoung.ca\/fr\/wp-json\/wp\/v2\/product_cat?post=61227"},{"taxonomy":"product_tag","embeddable":true,"href":"https:\/\/brettyoung.ca\/fr\/wp-json\/wp\/v2\/product_tag?post=61227"}],"curies":[{"name":"wp","href":"https:\/\/api.w.org\/{rel}","templated":true}]}}