{"id":61226,"date":"2023-07-06T11:08:36","date_gmt":"2023-07-06T16:08:36","guid":{"rendered":"https:\/\/brettyoung.ca\/product\/27-4-10-50-ttru-2-mg-spm\/"},"modified":"2025-06-25T13:40:25","modified_gmt":"2025-06-25T18:40:25","slug":"27-4-10-50-ttru-2-mg-spm","status":"publish","type":"product","link":"https:\/\/brettyoung.ca\/fr\/product\/27-4-10-50-ttru-2-mg-spm\/","title":{"rendered":"27-4-10 50% TTRU, 2% Mg, SPM"},"content":{"rendered":"","protected":false},"excerpt":{"rendered":"<ul>\n<li>Produit azot\u00e9 \u00e0 lib\u00e9ration contr\u00f4l\u00e9e avec TTRU<\/li>\n<li>Une formulation bien \u00e9quilibr\u00e9e<\/li>\n<li>Ajout de magn\u00e9sium pour une meilleure sant\u00e9 du gazon<\/li>\n<\/ul>\n","protected":false},"featured_media":53510,"template":"","meta":{"_themeisle_gutenberg_block_has_review":false},"product_brand":[],"product_cat":[2333,2349,2216,2383],"product_tag":[],"class_list":{"0":"post-61226","1":"product","2":"type-product","3":"status-publish","4":"has-post-thumbnail","6":"product_cat-engrais-fr","7":"product_cat-engrais-de-recuperation-fr","8":"product_cat-gazon-professionnel-et-remise-en-etat-fr","9":"product_cat-granulaire-fr","11":"first","12":"instock","13":"shipping-taxable","14":"product-type-simple","15":"customify-col"},"_links":{"self":[{"href":"https:\/\/brettyoung.ca\/fr\/wp-json\/wp\/v2\/product\/61226","targetHints":{"allow":["GET"]}}],"collection":[{"href":"https:\/\/brettyoung.ca\/fr\/wp-json\/wp\/v2\/product"}],"about":[{"href":"https:\/\/brettyoung.ca\/fr\/wp-json\/wp\/v2\/types\/product"}],"wp:featuredmedia":[{"embeddable":true,"href":"https:\/\/brettyoung.ca\/fr\/wp-json\/wp\/v2\/media\/53510"}],"wp:attachment":[{"href":"https:\/\/brettyoung.ca\/fr\/wp-json\/wp\/v2\/media?parent=61226"}],"wp:term":[{"taxonomy":"product_brand","embeddable":true,"href":"https:\/\/brettyoung.ca\/fr\/wp-json\/wp\/v2\/product_brand?post=61226"},{"taxonomy":"product_cat","embeddable":true,"href":"https:\/\/brettyoung.ca\/fr\/wp-json\/wp\/v2\/product_cat?post=61226"},{"taxonomy":"product_tag","embeddable":true,"href":"https:\/\/brettyoung.ca\/fr\/wp-json\/wp\/v2\/product_tag?post=61226"}],"curies":[{"name":"wp","href":"https:\/\/api.w.org\/{rel}","templated":true}]}}