{"id":61222,"date":"2022-08-03T13:09:40","date_gmt":"2022-08-03T18:09:40","guid":{"rendered":"https:\/\/brettyoung.ca\/product\/18-24-12-50-xcu\/"},"modified":"2025-06-25T13:38:49","modified_gmt":"2025-06-25T18:38:49","slug":"18-24-12-50-xcu","status":"publish","type":"product","link":"https:\/\/brettyoung.ca\/fr\/product\/18-24-12-50-xcu\/","title":{"rendered":"18-24-12 50% XCU"},"content":{"rendered":"<p><strong>UTILISATION DU PRODUIT<\/strong><\/p>\n<table style=\"width: 64.0548%; height: 46px;\" width=\"747\">\n<tbody>\n<tr style=\"height: 23px;\">\n<td style=\"height: 23px;\" width=\"245\"><strong>Utilisation pr\u00e9vue<\/strong><\/td>\n<td style=\"height: 23px;\" width=\"251\"><strong>Saison<\/strong><\/td>\n<td style=\"height: 23px;\" width=\"251\"><strong>Source \u00e0 lib\u00e9ration lente<\/strong><\/td>\n<\/tr>\n<tr style=\"height: 23px;\">\n<td style=\"height: 23px;\" width=\"245\">Fairways<\/td>\n<td style=\"height: 23px;\" width=\"251\">Printemps<\/td>\n<td style=\"height: 23px;\" width=\"251\">Ur\u00e9e enrob\u00e9e de polym\u00e8re et de soufre<\/td>\n<\/tr>\n<\/tbody>\n<\/table>\n<p>&nbsp;<\/p>\n","protected":false},"excerpt":{"rendered":"<ul>\n<li>Formule de d\u00e9marrage id\u00e9ale<\/li>\n<li>SRN encore disponible apr\u00e8s la germination<\/li>\n<li>Formulation \u00e9quilibr\u00e9e<\/li>\n<\/ul>\n","protected":false},"featured_media":53510,"template":"","meta":{"_themeisle_gutenberg_block_has_review":false},"product_brand":[],"product_cat":[2333,2349,2216,2383],"product_tag":[],"class_list":{"0":"post-61222","1":"product","2":"type-product","3":"status-publish","4":"has-post-thumbnail","6":"product_cat-engrais-fr","7":"product_cat-engrais-de-recuperation-fr","8":"product_cat-gazon-professionnel-et-remise-en-etat-fr","9":"product_cat-granulaire-fr","11":"first","12":"instock","13":"shipping-taxable","14":"product-type-simple","15":"customify-col"},"_links":{"self":[{"href":"https:\/\/brettyoung.ca\/fr\/wp-json\/wp\/v2\/product\/61222","targetHints":{"allow":["GET"]}}],"collection":[{"href":"https:\/\/brettyoung.ca\/fr\/wp-json\/wp\/v2\/product"}],"about":[{"href":"https:\/\/brettyoung.ca\/fr\/wp-json\/wp\/v2\/types\/product"}],"wp:featuredmedia":[{"embeddable":true,"href":"https:\/\/brettyoung.ca\/fr\/wp-json\/wp\/v2\/media\/53510"}],"wp:attachment":[{"href":"https:\/\/brettyoung.ca\/fr\/wp-json\/wp\/v2\/media?parent=61222"}],"wp:term":[{"taxonomy":"product_brand","embeddable":true,"href":"https:\/\/brettyoung.ca\/fr\/wp-json\/wp\/v2\/product_brand?post=61222"},{"taxonomy":"product_cat","embeddable":true,"href":"https:\/\/brettyoung.ca\/fr\/wp-json\/wp\/v2\/product_cat?post=61222"},{"taxonomy":"product_tag","embeddable":true,"href":"https:\/\/brettyoung.ca\/fr\/wp-json\/wp\/v2\/product_tag?post=61222"}],"curies":[{"name":"wp","href":"https:\/\/api.w.org\/{rel}","templated":true}]}}