{"id":61219,"date":"2024-03-27T15:40:19","date_gmt":"2024-03-27T20:40:19","guid":{"rendered":"https:\/\/brettyoung.ca\/product\/turfrx-mg\/"},"modified":"2025-01-19T20:20:49","modified_gmt":"2025-01-20T02:20:49","slug":"turfrx-mg","status":"publish","type":"product","link":"https:\/\/brettyoung.ca\/fr\/product\/turfrx-mg\/","title":{"rendered":"TurfRX Mg"},"content":{"rendered":"","protected":false},"excerpt":{"rendered":"<ul>\n<li>Un produit \u00e0 base de magn\u00e9sium pour am\u00e9liorer la r\u00e9ponse chromatique<\/li>\n<li>Am\u00e9liore l&rsquo;absorption du magn\u00e9sium gr\u00e2ce \u00e0 la ch\u00e9lation des acides amin\u00e9s L<\/li>\n<li>Peut \u00eatre appliqu\u00e9 \u00e0 faible dose avec une absorption \u00e9lev\u00e9e<\/li>\n<\/ul>\n","protected":false},"featured_media":55860,"template":"","meta":{"_themeisle_gutenberg_block_has_review":false},"product_brand":[],"product_cat":[2333,2216,2334],"product_tag":[],"class_list":{"0":"post-61219","1":"product","2":"type-product","3":"status-publish","4":"has-post-thumbnail","6":"product_cat-engrais-fr","7":"product_cat-gazon-professionnel-et-remise-en-etat-fr","8":"product_cat-liquide-fr","10":"first","11":"instock","12":"shipping-taxable","13":"product-type-simple","14":"customify-col"},"_links":{"self":[{"href":"https:\/\/brettyoung.ca\/fr\/wp-json\/wp\/v2\/product\/61219","targetHints":{"allow":["GET"]}}],"collection":[{"href":"https:\/\/brettyoung.ca\/fr\/wp-json\/wp\/v2\/product"}],"about":[{"href":"https:\/\/brettyoung.ca\/fr\/wp-json\/wp\/v2\/types\/product"}],"wp:featuredmedia":[{"embeddable":true,"href":"https:\/\/brettyoung.ca\/fr\/wp-json\/wp\/v2\/media\/55860"}],"wp:attachment":[{"href":"https:\/\/brettyoung.ca\/fr\/wp-json\/wp\/v2\/media?parent=61219"}],"wp:term":[{"taxonomy":"product_brand","embeddable":true,"href":"https:\/\/brettyoung.ca\/fr\/wp-json\/wp\/v2\/product_brand?post=61219"},{"taxonomy":"product_cat","embeddable":true,"href":"https:\/\/brettyoung.ca\/fr\/wp-json\/wp\/v2\/product_cat?post=61219"},{"taxonomy":"product_tag","embeddable":true,"href":"https:\/\/brettyoung.ca\/fr\/wp-json\/wp\/v2\/product_tag?post=61219"}],"curies":[{"name":"wp","href":"https:\/\/api.w.org\/{rel}","templated":true}]}}