{"id":61217,"date":"2023-07-06T13:14:28","date_gmt":"2023-07-06T18:14:28","guid":{"rendered":"https:\/\/brettyoung.ca\/product\/nanocharge\/"},"modified":"2025-01-19T20:20:40","modified_gmt":"2025-01-20T02:20:40","slug":"nanocharge","status":"publish","type":"product","link":"https:\/\/brettyoung.ca\/fr\/product\/nanocharge\/","title":{"rendered":"NanoCharge"},"content":{"rendered":"","protected":false},"excerpt":{"rendered":"<ul>\n<li>Sp\u00e9cialement con\u00e7u pour \u00eatre associ\u00e9 \u00e0 des solutions d&rsquo;engrais<\/li>\n<li>Am\u00e9liore l&rsquo;efficacit\u00e9 de l&rsquo;utilisation des nutriments<\/li>\n<li>Maintient les nutriments en solution pour une absorption plus rapide par les plantes<\/li>\n<\/ul>\n","protected":false},"featured_media":55090,"template":"","meta":{"_themeisle_gutenberg_block_has_review":false},"product_brand":[],"product_cat":[2333,2216,2334],"product_tag":[],"class_list":{"0":"post-61217","1":"product","2":"type-product","3":"status-publish","4":"has-post-thumbnail","6":"product_cat-engrais-fr","7":"product_cat-gazon-professionnel-et-remise-en-etat-fr","8":"product_cat-liquide-fr","10":"first","11":"instock","12":"shipping-taxable","13":"product-type-simple","14":"customify-col"},"_links":{"self":[{"href":"https:\/\/brettyoung.ca\/fr\/wp-json\/wp\/v2\/product\/61217","targetHints":{"allow":["GET"]}}],"collection":[{"href":"https:\/\/brettyoung.ca\/fr\/wp-json\/wp\/v2\/product"}],"about":[{"href":"https:\/\/brettyoung.ca\/fr\/wp-json\/wp\/v2\/types\/product"}],"wp:featuredmedia":[{"embeddable":true,"href":"https:\/\/brettyoung.ca\/fr\/wp-json\/wp\/v2\/media\/55090"}],"wp:attachment":[{"href":"https:\/\/brettyoung.ca\/fr\/wp-json\/wp\/v2\/media?parent=61217"}],"wp:term":[{"taxonomy":"product_brand","embeddable":true,"href":"https:\/\/brettyoung.ca\/fr\/wp-json\/wp\/v2\/product_brand?post=61217"},{"taxonomy":"product_cat","embeddable":true,"href":"https:\/\/brettyoung.ca\/fr\/wp-json\/wp\/v2\/product_cat?post=61217"},{"taxonomy":"product_tag","embeddable":true,"href":"https:\/\/brettyoung.ca\/fr\/wp-json\/wp\/v2\/product_tag?post=61217"}],"curies":[{"name":"wp","href":"https:\/\/api.w.org\/{rel}","templated":true}]}}