{"id":61210,"date":"2022-08-02T15:27:18","date_gmt":"2022-08-02T20:27:18","guid":{"rendered":"https:\/\/brettyoung.ca\/product\/green-t-impulse\/"},"modified":"2025-06-25T13:37:59","modified_gmt":"2025-06-25T18:37:59","slug":"green-t-impulse","status":"publish","type":"product","link":"https:\/\/brettyoung.ca\/fr\/product\/green-t-impulse\/","title":{"rendered":"Green-T\u00ae Impulse"},"content":{"rendered":"<p><strong>UTILISATION DU PRODUIT<\/strong><\/p>\n<table width=\"747\">\n<tbody>\n<tr>\n<td width=\"245\"><strong>Utilisation<\/strong><\/td>\n<td width=\"251\"><strong>Taux <\/strong>(par 100<sup>m2)<\/sup><\/td>\n<td width=\"251\"><strong>Intervalle d&rsquo;application<\/strong><\/td>\n<\/tr>\n<tr>\n<td width=\"245\">Verts, tees et gazon fin<\/td>\n<td width=\"251\">95-286 ml<\/td>\n<td width=\"251\">1-2 semaines<\/td>\n<\/tr>\n<tr>\n<td width=\"245\">Fairways, roughs, gazons sportifs et pelouses<\/td>\n<td width=\"251\">95-286 ml<\/td>\n<td width=\"251\">2 semaines en p\u00e9riode de stress<\/td>\n<\/tr>\n<\/tbody>\n<\/table>\n","protected":false},"excerpt":{"rendered":"<ul>\n<li>R\u00e9duit le fl\u00e9trissement et le stress des plantes pendant l&rsquo;\u00e9t\u00e9<\/li>\n<li>Augmente l&rsquo;absorption du calcium et du potassium<\/li>\n<li>R\u00e9duit les d\u00e9g\u00e2ts caus\u00e9s par le gel en automne<\/li>\n<\/ul>\n","protected":false},"featured_media":53482,"template":"","meta":{"_themeisle_gutenberg_block_has_review":false},"product_brand":[],"product_cat":[2333,2216,2334],"product_tag":[],"class_list":{"0":"post-61210","1":"product","2":"type-product","3":"status-publish","4":"has-post-thumbnail","6":"product_cat-engrais-fr","7":"product_cat-gazon-professionnel-et-remise-en-etat-fr","8":"product_cat-liquide-fr","10":"first","11":"instock","12":"shipping-taxable","13":"product-type-simple","14":"customify-col"},"_links":{"self":[{"href":"https:\/\/brettyoung.ca\/fr\/wp-json\/wp\/v2\/product\/61210","targetHints":{"allow":["GET"]}}],"collection":[{"href":"https:\/\/brettyoung.ca\/fr\/wp-json\/wp\/v2\/product"}],"about":[{"href":"https:\/\/brettyoung.ca\/fr\/wp-json\/wp\/v2\/types\/product"}],"wp:featuredmedia":[{"embeddable":true,"href":"https:\/\/brettyoung.ca\/fr\/wp-json\/wp\/v2\/media\/53482"}],"wp:attachment":[{"href":"https:\/\/brettyoung.ca\/fr\/wp-json\/wp\/v2\/media?parent=61210"}],"wp:term":[{"taxonomy":"product_brand","embeddable":true,"href":"https:\/\/brettyoung.ca\/fr\/wp-json\/wp\/v2\/product_brand?post=61210"},{"taxonomy":"product_cat","embeddable":true,"href":"https:\/\/brettyoung.ca\/fr\/wp-json\/wp\/v2\/product_cat?post=61210"},{"taxonomy":"product_tag","embeddable":true,"href":"https:\/\/brettyoung.ca\/fr\/wp-json\/wp\/v2\/product_tag?post=61210"}],"curies":[{"name":"wp","href":"https:\/\/api.w.org\/{rel}","templated":true}]}}