{"id":61207,"date":"2022-07-25T16:08:59","date_gmt":"2022-07-25T21:08:59","guid":{"rendered":"https:\/\/brettyoung.ca\/product\/velocity-sp\/"},"modified":"2025-06-25T13:37:59","modified_gmt":"2025-06-25T18:37:59","slug":"velocity-sp","status":"publish","type":"product","link":"https:\/\/brettyoung.ca\/fr\/product\/velocity-sp\/","title":{"rendered":"Velocity\u00ae SP"},"content":{"rendered":"<p><strong>MAUVAISES HERBES CONTR\u00d4L\u00c9ES  <\/strong><\/p>\n<table width=\"518\">\n<tbody>\n<tr>\n<td width=\"348\"><strong>Mauvaises herbes<\/strong><\/td>\n<td width=\"170\"><strong>Contr\u00f4le\/Suppression<\/strong><\/td>\n<\/tr>\n<tr>\n<td width=\"348\">Gaillet<\/td>\n<td width=\"170\">Contr\u00f4le<\/td>\n<\/tr>\n<tr>\n<td width=\"348\">M\u00e9dicament noir (tr\u00e8fle jaune)<\/td>\n<td width=\"170\">Contr\u00f4le<\/td>\n<\/tr>\n<tr>\n<td width=\"348\">Bouton d&rsquo;or<\/td>\n<td width=\"170\">Contr\u00f4le<\/td>\n<\/tr>\n<tr>\n<td width=\"348\">Mouron des oiseaux (commun)<\/td>\n<td width=\"170\">Contr\u00f4le<\/td>\n<\/tr>\n<tr>\n<td width=\"348\">Tr\u00e8fle<\/td>\n<td width=\"170\">Contr\u00f4le<\/td>\n<\/tr>\n<tr>\n<td width=\"348\">Pissenlit<\/td>\n<td width=\"170\">Contr\u00f4le<\/td>\n<\/tr>\n<tr>\n<td width=\"348\">Pinceau du diable<\/td>\n<td width=\"170\">Contr\u00f4le<\/td>\n<\/tr>\n<tr>\n<td width=\"348\">Marguerite anglaise<\/td>\n<td width=\"170\">Contr\u00f4le<\/td>\n<\/tr>\n<tr>\n<td width=\"348\">Mise \u00e0 la terre Daisy<\/td>\n<td width=\"170\">Contr\u00f4le<\/td>\n<\/tr>\n<tr>\n<td width=\"348\">Lierre terrestre (Charlie rampant, renou\u00e9e)<\/td>\n<td width=\"170\">Contr\u00f4le<\/td>\n<\/tr>\n<tr>\n<td width=\"348\">Soigner tout le monde<\/td>\n<td width=\"170\">Contr\u00f4le<\/td>\n<\/tr>\n<tr>\n<td width=\"348\">Plantain (commun)<\/td>\n<td width=\"170\">Contr\u00f4le<\/td>\n<\/tr>\n<tr>\n<td width=\"348\">Lierre v\u00e9n\u00e9neux<\/td>\n<td width=\"170\">Contr\u00f4le<\/td>\n<\/tr>\n<tr>\n<td width=\"348\">L&rsquo;ambroisie<\/td>\n<td width=\"170\">Contr\u00f4le<\/td>\n<\/tr>\n<tr>\n<td width=\"348\">Sac \u00e0 dos de berger<\/td>\n<td width=\"170\">Contr\u00f4le<\/td>\n<\/tr>\n<tr>\n<td width=\"348\">Tr\u00e8fle blanc<\/td>\n<td width=\"170\">Contr\u00f4le<\/td>\n<\/tr>\n<\/tbody>\n<\/table>\n","protected":false},"excerpt":{"rendered":"<ul>\n<li>Pour les terrains de golf et les gazonni\u00e8res afin d&rsquo;\u00e9liminer le p\u00e2turin annuel<\/li>\n<li>R\u00e9duit s\u00e9lectivement la pr\u00e9sence de Poa avec certaines esp\u00e8ces de gazon<\/li>\n<li>Supprime le pissenlit, la couverture blanche et la br\u00fblure en plaques.<\/li>\n<\/ul>\n","protected":false},"featured_media":53336,"template":"","meta":{"_themeisle_gutenberg_block_has_review":false},"product_brand":[],"product_cat":[2216,2247,2235],"product_tag":[],"class_list":{"0":"post-61207","1":"product","2":"type-product","3":"status-publish","4":"has-post-thumbnail","6":"product_cat-gazon-professionnel-et-remise-en-etat-fr","7":"product_cat-herbicides-fr-2","8":"product_cat-produit-de-controle-fr","10":"first","11":"instock","12":"shipping-taxable","13":"product-type-simple","14":"customify-col"},"_links":{"self":[{"href":"https:\/\/brettyoung.ca\/fr\/wp-json\/wp\/v2\/product\/61207","targetHints":{"allow":["GET"]}}],"collection":[{"href":"https:\/\/brettyoung.ca\/fr\/wp-json\/wp\/v2\/product"}],"about":[{"href":"https:\/\/brettyoung.ca\/fr\/wp-json\/wp\/v2\/types\/product"}],"wp:featuredmedia":[{"embeddable":true,"href":"https:\/\/brettyoung.ca\/fr\/wp-json\/wp\/v2\/media\/53336"}],"wp:attachment":[{"href":"https:\/\/brettyoung.ca\/fr\/wp-json\/wp\/v2\/media?parent=61207"}],"wp:term":[{"taxonomy":"product_brand","embeddable":true,"href":"https:\/\/brettyoung.ca\/fr\/wp-json\/wp\/v2\/product_brand?post=61207"},{"taxonomy":"product_cat","embeddable":true,"href":"https:\/\/brettyoung.ca\/fr\/wp-json\/wp\/v2\/product_cat?post=61207"},{"taxonomy":"product_tag","embeddable":true,"href":"https:\/\/brettyoung.ca\/fr\/wp-json\/wp\/v2\/product_tag?post=61207"}],"curies":[{"name":"wp","href":"https:\/\/api.w.org\/{rel}","templated":true}]}}