{"id":61204,"date":"2021-11-13T08:06:19","date_gmt":"2021-11-13T14:06:19","guid":{"rendered":"https:\/\/brettyoung.ca\/product\/turface-mvp\/"},"modified":"2025-06-25T13:37:22","modified_gmt":"2025-06-25T18:37:22","slug":"turface-mvp","status":"publish","type":"product","link":"https:\/\/brettyoung.ca\/fr\/product\/turface-mvp\/","title":{"rendered":"Turface MVP"},"content":{"rendered":"","protected":false},"excerpt":{"rendered":"<ul>\n<li>Absorbe l&rsquo;exc\u00e8s d&rsquo;eau pour \u00e9viter que le gazon ne soit boueux et d\u00e9chir\u00e9.<\/li>\n<li>Conditionne le sol pour qu&rsquo;il r\u00e9siste au compactage<\/li>\n<li>Ajoute un espace permanent de r\u00e9tention d&rsquo;eau et d&rsquo;air pour aider \u00e0 renforcer les plantes de gazon et aider \u00e0 la r\u00e9cup\u00e9ration du gazon.<\/li>\n<\/ul>\n","protected":false},"featured_media":53040,"template":"","meta":{"_themeisle_gutenberg_block_has_review":false},"product_brand":[],"product_cat":[2216,2358],"product_tag":[],"class_list":{"0":"post-61204","1":"product","2":"type-product","3":"status-publish","4":"has-post-thumbnail","6":"product_cat-gazon-professionnel-et-remise-en-etat-fr","7":"product_cat-produits-pour-terrains-de-sport-fr","9":"first","10":"instock","11":"shipping-taxable","12":"product-type-simple","13":"customify-col"},"_links":{"self":[{"href":"https:\/\/brettyoung.ca\/fr\/wp-json\/wp\/v2\/product\/61204","targetHints":{"allow":["GET"]}}],"collection":[{"href":"https:\/\/brettyoung.ca\/fr\/wp-json\/wp\/v2\/product"}],"about":[{"href":"https:\/\/brettyoung.ca\/fr\/wp-json\/wp\/v2\/types\/product"}],"wp:featuredmedia":[{"embeddable":true,"href":"https:\/\/brettyoung.ca\/fr\/wp-json\/wp\/v2\/media\/53040"}],"wp:attachment":[{"href":"https:\/\/brettyoung.ca\/fr\/wp-json\/wp\/v2\/media?parent=61204"}],"wp:term":[{"taxonomy":"product_brand","embeddable":true,"href":"https:\/\/brettyoung.ca\/fr\/wp-json\/wp\/v2\/product_brand?post=61204"},{"taxonomy":"product_cat","embeddable":true,"href":"https:\/\/brettyoung.ca\/fr\/wp-json\/wp\/v2\/product_cat?post=61204"},{"taxonomy":"product_tag","embeddable":true,"href":"https:\/\/brettyoung.ca\/fr\/wp-json\/wp\/v2\/product_tag?post=61204"}],"curies":[{"name":"wp","href":"https:\/\/api.w.org\/{rel}","templated":true}]}}