{"id":61203,"date":"2021-02-12T08:09:24","date_gmt":"2021-02-12T14:09:24","guid":{"rendered":"https:\/\/brettyoung.ca\/product\/argile-professionnelle-de-mound\/"},"modified":"2025-01-19T20:19:27","modified_gmt":"2025-01-20T02:19:27","slug":"argile-professionnelle-de-mound","status":"publish","type":"product","link":"https:\/\/brettyoung.ca\/fr\/product\/argile-professionnelle-de-mound\/","title":{"rendered":"Argile professionnelle de Mound"},"content":{"rendered":"","protected":false},"excerpt":{"rendered":"<ul>\n<li>L&rsquo;argile vierge pure \u00e0 100 % et \u00e0 haute densit\u00e9 offre des performances durables.<\/li>\n<li>Le mat\u00e9riau broy\u00e9 est id\u00e9al pour former des monticules.<\/li>\n<li>Sa structure souple permet de le modeler facilement pour lui donner la forme voulue.<\/li>\n<\/ul>\n","protected":false},"featured_media":53844,"template":"","meta":{"_themeisle_gutenberg_block_has_review":false},"product_brand":[],"product_cat":[2216,2358],"product_tag":[],"class_list":{"0":"post-61203","1":"product","2":"type-product","3":"status-publish","4":"has-post-thumbnail","6":"product_cat-gazon-professionnel-et-remise-en-etat-fr","7":"product_cat-produits-pour-terrains-de-sport-fr","9":"first","10":"instock","11":"shipping-taxable","12":"product-type-simple","13":"customify-col"},"_links":{"self":[{"href":"https:\/\/brettyoung.ca\/fr\/wp-json\/wp\/v2\/product\/61203","targetHints":{"allow":["GET"]}}],"collection":[{"href":"https:\/\/brettyoung.ca\/fr\/wp-json\/wp\/v2\/product"}],"about":[{"href":"https:\/\/brettyoung.ca\/fr\/wp-json\/wp\/v2\/types\/product"}],"wp:featuredmedia":[{"embeddable":true,"href":"https:\/\/brettyoung.ca\/fr\/wp-json\/wp\/v2\/media\/53844"}],"wp:attachment":[{"href":"https:\/\/brettyoung.ca\/fr\/wp-json\/wp\/v2\/media?parent=61203"}],"wp:term":[{"taxonomy":"product_brand","embeddable":true,"href":"https:\/\/brettyoung.ca\/fr\/wp-json\/wp\/v2\/product_brand?post=61203"},{"taxonomy":"product_cat","embeddable":true,"href":"https:\/\/brettyoung.ca\/fr\/wp-json\/wp\/v2\/product_cat?post=61203"},{"taxonomy":"product_tag","embeddable":true,"href":"https:\/\/brettyoung.ca\/fr\/wp-json\/wp\/v2\/product_tag?post=61203"}],"curies":[{"name":"wp","href":"https:\/\/api.w.org\/{rel}","templated":true}]}}