{"id":61201,"date":"2021-02-12T08:08:44","date_gmt":"2021-02-12T14:08:44","guid":{"rendered":"https:\/\/brettyoung.ca\/product\/blocs-moundmaster\/"},"modified":"2025-01-19T20:19:18","modified_gmt":"2025-01-20T02:19:18","slug":"blocs-moundmaster","status":"publish","type":"product","link":"https:\/\/brettyoung.ca\/fr\/product\/blocs-moundmaster\/","title":{"rendered":"Blocs Moundmaster"},"content":{"rendered":"","protected":false},"excerpt":{"rendered":"<ul>\n<li>Les blocs d&rsquo;argile vierge 100% pure offrent une performance durable<\/li>\n<li>Les blocs sont parfaitement dimensionn\u00e9s pour la construction de bo\u00eetes et de monticules \u00e0 partir de la base.<\/li>\n<li>Les blocs mesurent 2 \u00bd\u00a0\u00bb x 4&Prime; x 8&Prime;.<\/li>\n<\/ul>\n","protected":false},"featured_media":53844,"template":"","meta":{"_themeisle_gutenberg_block_has_review":false},"product_brand":[],"product_cat":[2216,2358],"product_tag":[],"class_list":{"0":"post-61201","1":"product","2":"type-product","3":"status-publish","4":"has-post-thumbnail","6":"product_cat-gazon-professionnel-et-remise-en-etat-fr","7":"product_cat-produits-pour-terrains-de-sport-fr","9":"first","10":"instock","11":"shipping-taxable","12":"product-type-simple","13":"customify-col"},"_links":{"self":[{"href":"https:\/\/brettyoung.ca\/fr\/wp-json\/wp\/v2\/product\/61201","targetHints":{"allow":["GET"]}}],"collection":[{"href":"https:\/\/brettyoung.ca\/fr\/wp-json\/wp\/v2\/product"}],"about":[{"href":"https:\/\/brettyoung.ca\/fr\/wp-json\/wp\/v2\/types\/product"}],"wp:featuredmedia":[{"embeddable":true,"href":"https:\/\/brettyoung.ca\/fr\/wp-json\/wp\/v2\/media\/53844"}],"wp:attachment":[{"href":"https:\/\/brettyoung.ca\/fr\/wp-json\/wp\/v2\/media?parent=61201"}],"wp:term":[{"taxonomy":"product_brand","embeddable":true,"href":"https:\/\/brettyoung.ca\/fr\/wp-json\/wp\/v2\/product_brand?post=61201"},{"taxonomy":"product_cat","embeddable":true,"href":"https:\/\/brettyoung.ca\/fr\/wp-json\/wp\/v2\/product_cat?post=61201"},{"taxonomy":"product_tag","embeddable":true,"href":"https:\/\/brettyoung.ca\/fr\/wp-json\/wp\/v2\/product_tag?post=61201"}],"curies":[{"name":"wp","href":"https:\/\/api.w.org\/{rel}","templated":true}]}}