{"id":61199,"date":"2021-02-12T08:08:12","date_gmt":"2021-02-12T14:08:12","guid":{"rendered":"https:\/\/brettyoung.ca\/product\/turface-quickdry\/"},"modified":"2025-01-19T20:19:06","modified_gmt":"2025-01-20T02:19:06","slug":"turface-quickdry","status":"publish","type":"product","link":"https:\/\/brettyoung.ca\/fr\/product\/turface-quickdry\/","title":{"rendered":"Turface QuickDry"},"content":{"rendered":"","protected":false},"excerpt":{"rendered":"<ul>\n<li>Ne gondole pas, ne devient pas glissant et ne laisse pas un terrain dur comme de la pierre apr\u00e8s s\u00e9chage.<\/li>\n<li>Application facile en terreautage pendant et apr\u00e8s les pluies.<\/li>\n<li>Appliquez sur les zones humides ou les flaques d&rsquo;eau, laissez le produit commencer \u00e0 absorber l&rsquo;humidit\u00e9 et ratissez la zone pour qu&rsquo;elle redevienne praticable \u00e0 maintes reprises.<\/li>\n<\/ul>\n","protected":false},"featured_media":54141,"template":"","meta":{"_themeisle_gutenberg_block_has_review":false},"product_brand":[],"product_cat":[2216,2358],"product_tag":[],"class_list":{"0":"post-61199","1":"product","2":"type-product","3":"status-publish","4":"has-post-thumbnail","6":"product_cat-gazon-professionnel-et-remise-en-etat-fr","7":"product_cat-produits-pour-terrains-de-sport-fr","9":"first","10":"instock","11":"shipping-taxable","12":"product-type-simple","13":"customify-col"},"_links":{"self":[{"href":"https:\/\/brettyoung.ca\/fr\/wp-json\/wp\/v2\/product\/61199","targetHints":{"allow":["GET"]}}],"collection":[{"href":"https:\/\/brettyoung.ca\/fr\/wp-json\/wp\/v2\/product"}],"about":[{"href":"https:\/\/brettyoung.ca\/fr\/wp-json\/wp\/v2\/types\/product"}],"wp:featuredmedia":[{"embeddable":true,"href":"https:\/\/brettyoung.ca\/fr\/wp-json\/wp\/v2\/media\/54141"}],"wp:attachment":[{"href":"https:\/\/brettyoung.ca\/fr\/wp-json\/wp\/v2\/media?parent=61199"}],"wp:term":[{"taxonomy":"product_brand","embeddable":true,"href":"https:\/\/brettyoung.ca\/fr\/wp-json\/wp\/v2\/product_brand?post=61199"},{"taxonomy":"product_cat","embeddable":true,"href":"https:\/\/brettyoung.ca\/fr\/wp-json\/wp\/v2\/product_cat?post=61199"},{"taxonomy":"product_tag","embeddable":true,"href":"https:\/\/brettyoung.ca\/fr\/wp-json\/wp\/v2\/product_tag?post=61199"}],"curies":[{"name":"wp","href":"https:\/\/api.w.org\/{rel}","templated":true}]}}