{"id":61198,"date":"2021-02-12T08:07:28","date_gmt":"2021-02-12T14:07:28","guid":{"rendered":"https:\/\/brettyoung.ca\/product\/turface-pro-league\/"},"modified":"2025-01-19T20:18:57","modified_gmt":"2025-01-20T02:18:57","slug":"turface-pro-league","status":"publish","type":"product","link":"https:\/\/brettyoung.ca\/fr\/product\/turface-pro-league\/","title":{"rendered":"Turface Pro League"},"content":{"rendered":"","protected":false},"excerpt":{"rendered":"<ul>\n<li>Des particules plus petites et plus uniformes garantissent une surface de jeu lisse et professionnelle, minimisant les mauvais sauts potentiellement dangereux.<\/li>\n<li>Les propri\u00e9t\u00e9s d&rsquo;absorption de l&rsquo;humidit\u00e9 am\u00e9liorent l&rsquo;assise et aident \u00e0 pr\u00e9venir les infiltrations d&rsquo;eau.<\/li>\n<li>Les choix de couleurs am\u00e9liorent la visibilit\u00e9 et l&rsquo;esth\u00e9tique du stade<\/li>\n<\/ul>\n","protected":false},"featured_media":54143,"template":"","meta":{"_themeisle_gutenberg_block_has_review":false},"product_brand":[],"product_cat":[2216,2358],"product_tag":[],"class_list":{"0":"post-61198","1":"product","2":"type-product","3":"status-publish","4":"has-post-thumbnail","6":"product_cat-gazon-professionnel-et-remise-en-etat-fr","7":"product_cat-produits-pour-terrains-de-sport-fr","9":"first","10":"instock","11":"shipping-taxable","12":"product-type-simple","13":"customify-col"},"_links":{"self":[{"href":"https:\/\/brettyoung.ca\/fr\/wp-json\/wp\/v2\/product\/61198","targetHints":{"allow":["GET"]}}],"collection":[{"href":"https:\/\/brettyoung.ca\/fr\/wp-json\/wp\/v2\/product"}],"about":[{"href":"https:\/\/brettyoung.ca\/fr\/wp-json\/wp\/v2\/types\/product"}],"wp:featuredmedia":[{"embeddable":true,"href":"https:\/\/brettyoung.ca\/fr\/wp-json\/wp\/v2\/media\/54143"}],"wp:attachment":[{"href":"https:\/\/brettyoung.ca\/fr\/wp-json\/wp\/v2\/media?parent=61198"}],"wp:term":[{"taxonomy":"product_brand","embeddable":true,"href":"https:\/\/brettyoung.ca\/fr\/wp-json\/wp\/v2\/product_brand?post=61198"},{"taxonomy":"product_cat","embeddable":true,"href":"https:\/\/brettyoung.ca\/fr\/wp-json\/wp\/v2\/product_cat?post=61198"},{"taxonomy":"product_tag","embeddable":true,"href":"https:\/\/brettyoung.ca\/fr\/wp-json\/wp\/v2\/product_tag?post=61198"}],"curies":[{"name":"wp","href":"https:\/\/api.w.org\/{rel}","templated":true}]}}